{"id":93,"date":"2022-04-27T11:08:10","date_gmt":"2022-04-27T09:08:10","guid":{"rendered":"https:\/\/api.como.k-clients.com\/consulting-services\/"},"modified":"2023-09-05T13:22:25","modified_gmt":"2023-09-05T11:22:25","slug":"beratungsleistungen","status":"publish","type":"page","link":"https:\/\/management.como-consult.de\/fr\/services\/beratungsleistungen\/","title":{"rendered":"Beratungsleistungen"},"content":{"rendered":"","protected":false},"excerpt":{"rendered":"","protected":false},"author":2,"featured_media":643,"parent":48,"menu_order":3,"comment_status":"closed","ping_status":"closed","template":"page-consulting.php","meta":[],"acf":{"banner":{"ID":1781,"id":1781,"title":"Como-\u2013-Beratungsleistungen","filename":"Como-\u2013-Beratungsleistungen-1.jpg","filesize":967837,"url":"https:\/\/management.como-consult.de\/wp-content\/uploads\/2022\/05\/Como-\u2013-Beratungsleistungen-1.jpg","link":"https:\/\/management.como-consult.de\/fr\/services\/beratungsleistungen\/como-beratungsleistungen-3-2\/","alt":"","author":"1","description":"","caption":"","name":"como-beratungsleistungen-3-2","status":"inherit","uploaded_to":93,"date":"2022-05-13 07:53:28","modified":"2022-05-14 14:45:54","menu_order":0,"mime_type":"image\/jpeg","type":"image","subtype":"jpeg","icon":"https:\/\/management.como-consult.de\/wp-includes\/images\/media\/default.png","width":2100,"height":1240,"sizes":{"thumbnail":"https:\/\/management.como-consult.de\/wp-content\/uploads\/2022\/05\/Como-\u2013-Beratungsleistungen-1-150x150.jpg","thumbnail-width":150,"thumbnail-height":150,"medium":"https:\/\/management.como-consult.de\/wp-content\/uploads\/2022\/05\/Como-\u2013-Beratungsleistungen-1-300x177.jpg","medium-width":300,"medium-height":177,"medium_large":"https:\/\/management.como-consult.de\/wp-content\/uploads\/2022\/05\/Como-\u2013-Beratungsleistungen-1-768x453.jpg","medium_large-width":640,"medium_large-height":378,"large":"https:\/\/management.como-consult.de\/wp-content\/uploads\/2022\/05\/Como-\u2013-Beratungsleistungen-1-1024x605.jpg","large-width":640,"large-height":378,"1536x1536":"https:\/\/management.como-consult.de\/wp-content\/uploads\/2022\/05\/Como-\u2013-Beratungsleistungen-1-1536x907.jpg","1536x1536-width":1536,"1536x1536-height":907,"2048x2048":"https:\/\/management.como-consult.de\/wp-content\/uploads\/2022\/05\/Como-\u2013-Beratungsleistungen-1-2048x1209.jpg","2048x2048-width":2048,"2048x2048-height":1209}},"consulting_content":"Wir verstehen Beratung als eine helfende Beziehung. Wir beraten Personen, Teams, Organisationen und komplexe Kooperationssysteme in Ver\u00e4nderungsprozessen. Daf\u00fcr stellen wir unsere Erfahrungen, unser Wissen und vor allem uns selbst als wahrnehmende und f\u00fchlende Menschen zur Verf\u00fcgung. Als Beratende befinden wir uns in einer st\u00e4ndig balancierenden Bewegung \u2013 mal n\u00e4her dran und eher in der Organisation und mal entfernter und eher au\u00dferhalb von ihr.","accordions_texts":[{"titile_accordions":"OE und Change Management","description_accordions":"<p>Organisationen befinden sich st\u00e4ndig in Bewegung. Dabei braucht es regelm\u00e4\u00dfige Selbstreflexion und Lernen in Form von aktiver Organisationsentwicklung oder geplanten Change-Projekten. Als externe Begleiter:innen zielen wir mit unserem Beratungsverst\u00e4ndnis auf die St\u00e4rkung der Reflexions- und Handlungskompetenzen unserer Kunden. Unser Prozessberatungsansatz st\u00fctzt sich auf ein deutlich kommuniziertes Mandat der Klient:innen, involviert sie bei der Diagnose, der Gestaltung des daraus resultierenden Ver\u00e4nderungsweges und bei der Umsetzung.<\/p>\n<p>Unser Beitrag reicht von der Beratung zu organisationalen Einzelaspekten (z.B. Vision, Strategie oder Optimierung eines priorit\u00e4ren Prozesses) bis hin zur Prozessberatung bei umfassenden Ver\u00e4nderungen der gesamten Organisation. Mit Coaching, Training, Moderation erg\u00e4nzen wir unsere Beratung zur Organisationsentwicklung. Wir kn\u00fcpfen an die konkrete Ver\u00e4nderungsenergie im System an und richten daran den Ver\u00e4nderungsprozess aus.<\/p>\n<p>&nbsp;<\/p>\n"},{"titile_accordions":"Strategieentwicklung","description_accordions":"<p>Strategien gestalten die Zukunft von Organisationen. Die Kunst ist es, den eigenen Kern als Organisation zu verstehen und zu bewahren, und gleichzeitig Neues zu erm\u00f6glichen.\u00a0Aus unserer langj\u00e4hrigen Beratung in unterschiedlichen Kontexten wissen wir, dass jeder Strategieentwicklungsprozess anders ist und begleiten unsere Klient:innen entsprechend ihren Bed\u00fcrfnissen und Zielen.<\/p>\n<p>Wir unterst\u00fctzen Organisationen in den verschiedenen Phasen des Prozesses, beginnend bei der strategischen Analyse und Verortung im eigenen Umfeld. Darauf aufbauend unterst\u00fctzen wir bei der Formulierung von strategischen Optionen, bei der Entscheidung f\u00fcr strategische Zielsetzungen sowie bei der Umsetzung von Strategien im Organisationsalltag.<\/p>\n"},{"titile_accordions":"Teamentwicklung","description_accordions":"<p>Durch unsere langj\u00e4hrige Erfahrung in der Begleitung von Teams und F\u00fchrungskr\u00e4ften in unterschiedlichen kulturellen und organisationalen Kontexten haben wir ein Bewusstsein daf\u00fcr entwickelt, was Teams ausmacht.<\/p>\n<p>Wir begleiten Teams in den verschiedenen Phasen ihrer Entwicklung. Dies beginnt bereits bei der Konstituierung und dem Aufsetzen von Teamkontrakten sowie der Kl\u00e4rung von Rollen und Verantwortlichkeiten, und geht weiter bei den allt\u00e4glichen Herausforderungen in der Zusammenarbeit. Dar\u00fcber hinaus unterst\u00fctzen wir z.B. bei der Strategieentwicklung, dem Team-Building oder der Konfliktbearbeitung. Wir beraten zur Zusammenarbeit in und zwischen Teams und in interkulturellen Kontexten.<\/p>\n"},{"titile_accordions":"F\u00fchrung","description_accordions":"<p>In einer Zeit, in der Komplexit\u00e4t und Tempo in der Arbeitswelt rasant ansteigen, sehen sich F\u00fchrungskr\u00e4fte mit immer an\u00adspruchsvolleren und teils unvorhersehbaren Managementauf\u00adgaben konfrontiert. Entscheidungstr\u00e4ger:innen f\u00e4llt es im Unternehmensalltag oft nicht leicht, ihr Verhalten und seine Auswirkungen auf die Ergebnisse von Change-Vorhaben zu erkennen und zu reflektieren. Auch stehen sie im Spannungsfeld unterschiedlichster Anforderungen, Erwartungen und Werte, da F\u00fchrung nie nur personenorientiert geschieht, sondern immer im Kontext einer Unternehmenskultur.<\/p>\n<p>&nbsp;<\/p>\n<p>Wir unterst\u00fctzen F\u00fchrungskr\u00e4fte durch Beratung und Coaching in ihrem Alltag und in konkreten pers\u00f6nlichen oder organisationalen Ver\u00e4nderungsprozessen. Zudem unterst\u00fctzen wir Teams und Organisationen dabei, das Thema zu F\u00fchrung bei sich zu reflektieren und gegebenenfalls Ver\u00e4nderungen anzusto\u00dfen. Au\u00dferdem unterst\u00fctzen wir Teams dabei, F\u00fchrungskonzepte neu f\u00fcr sich zu definieren und anders zu gestalten \u2013 zum Beispiel durch die St\u00e4rkung von Selbstorganisation, Neuverteilung von Macht und kollegialer F\u00fchrung.<\/p>\n"},{"titile_accordions":"Konfliktpr\u00e4vention und Mediation","description_accordions":"<p>Konflikte entstehen oft unbemerkt, k\u00f6nnen die t\u00e4gliche Zusammenarbeit aber ma\u00dfgeblich behindern. Oftmals treten sie erst dann zutage, wenn die Kommunikation zwischen den Konfliktparteien bereits erheblich gest\u00f6rt oder abgebrochen ist. Es gibt jedoch M\u00f6glichkeiten bereits existierende Konflikte anlassbezogen und l\u00f6sungsorientiert zu bearbeiten, oder bereits vorbeugend zu thematisieren.<\/p>\n<p>Im Rahmen einer Konfliktmoderation oder Mediation k\u00f6nnen die Ursachen von Konflikten gemeinsam er\u00f6rtert und tragf\u00e4hige Vereinbarungen getroffen werden, die die Grundlagen einer weiteren Zusammenarbeit wiederherstellen. Eine Mediation kann zwischen Einzelpersonen, innerhalb eines Teams oder zwischen Organisationseinheiten stattfinden. Wir folgen dabei einem klar strukturierten Vorgehen und zielen darauf ab, belastbare Vereinbarungen zu treffen, um wieder eine gute, vertrauensvolle Zusammenarbeit zu erm\u00f6glichen.<\/p>\n<p>Wenn Sie bereits pr\u00e4ventive Ma\u00dfnahmen ergreifen und m\u00f6glichen Konflikten z.B. in einem schwierigen Arbeitskontext vorbeugen wollen, bieten wir Beratung und individuelle Trainings zu Konfliktmanagement und -pr\u00e4vention an. Wir beleuchten zun\u00e4chst m\u00f6gliche Ursachen und Dynamiken von Konflikten, um anschlie\u00dfend ad\u00e4quate Ans\u00e4tze und Methoden zum Umgang mit (potenziellen) Konflikten zu erlernen.<\/p>\n"},{"titile_accordions":"Kooperationen und Netzwerke","description_accordions":"<p>Die Begleitung und Gestaltung von Kooperationen im \u00f6ffentlichen und privaten Sektor ist zu einem zentralen Handlungsfeld der Organisationsberatung geworden. Dabei geht es oft um die Bearbeitung komplexer Problemlagen und politischer Gestaltungsaufgaben z.B. in den Bereichen Bildung, Stadtentwicklung oder Gesundheit. Die daf\u00fcr erforderliche Entwicklung einer gemeinsamen Strategie, \u00dcberwindung fachlicher Grenzen, die horizontale Aushandlung von Interessen, die B\u00fcndelung finanzieller Mittel sowie die Einrichtung und Gestaltung \u00fcbergreifender Gremien stellen eingespielte Organisationsroutinen infrage und bedeuten insofern einen &#8220;Musterbruch&#8221; f\u00fcr die Akteure.<\/p>\n<p>Unsere Beratung hat daher die Aufgabe, diesen &#8220;Musterbruch&#8221; als bewusst gestalteten Ver\u00e4nderungsprozess zu begleiten und zu gestalten. Dabei geht es darum, f\u00fcr die Beteiligten kommunikative R\u00e4ume zur gemeinsamem Gestaltung von gelingender Kooperation zu schaffen &#8211; das hei\u00dft Gelegenheiten zu schaffen, die Interaktion, Wertsch\u00e4tzung und Vertrauen f\u00f6rdern, Interessen besprechbar machen und angemessene Steuerungsstrukturen zu implementieren.<\/p>\n"},{"titile_accordions":"Fachberatung zu nachhaltiger Entwicklung","description_accordions":"<p>Ausgehend von unserer langj\u00e4hrigen Erfahrung in der internationalen Zusammenarbeit bieten wir Fachberatung zu vielf\u00e4ltigen sektoralen Themen im Bereich nachhaltiger Entwicklung an. Hierbei stellen unsere Berater:innen international t\u00e4tigen Organisationen ihre Expertise in den Bereichen nachhaltige Wirtschaftsentwicklung, Schutz nat\u00fcrlicher Ressourcen, Anpassung an den Klimawandel sowie Kommunalentwicklung und Governance zur Verf\u00fcgung. Wichtig ist uns hierbei die Verbindung zwischen technischen Fragestellungen und einer ad\u00e4quaten Prozessgestaltung, um den jeweiligen Anforderungen an ein gelingendes Projektmanagement gerecht zu werden.<\/p>\n<p>Aufbauend auf der 2015 von den Vereinten Nationen verabschiedeten Agenda 2030 und den globalen Zielen f\u00fcr Nachhaltige Entwicklung (Sustainable Development Goals, SDGs), beraten wir zunehmend auch in Deutschland St\u00e4dte und Kommunen sowie Akteure aus Wirtschaft und Zivilgesellschaft bei der Umsetzung ihres Beitrag zu nachhaltiger Entwicklung. Hierzu beraten wir fachlich, z.B. bei der Anwendung passender Instrumente und Strategien, jedoch ohne den Blick f\u00fcr den Gesamtprozess und die Umsetzbarkeit zu verlieren. Entsprechend begleiten wir Sie in den Bereichen Prozessgestaltung und -Moderation, Projekt- und Wissensmanagement.<\/p>\n<p>&nbsp;<\/p>\n"}]},"yoast_head":"<!-- This site is optimized with the Yoast SEO plugin v19.3 - https:\/\/yoast.com\/wordpress\/plugins\/seo\/ -->\n<title>Beratungsleistungen - Como Consult<\/title>\n<meta name=\"robots\" content=\"index, follow, max-snippet:-1, max-image-preview:large, max-video-preview:-1\" \/>\n<link rel=\"canonical\" href=\"https:\/\/management.como-consult.de\/fr\/services\/beratungsleistungen\/\" \/>\n<meta property=\"og:locale\" content=\"fr_FR\" \/>\n<meta property=\"og:type\" content=\"article\" \/>\n<meta property=\"og:title\" content=\"Beratungsleistungen - Como Consult\" \/>\n<meta property=\"og:url\" content=\"https:\/\/management.como-consult.de\/fr\/services\/beratungsleistungen\/\" \/>\n<meta property=\"og:site_name\" content=\"Como Consult\" \/>\n<meta property=\"article:modified_time\" content=\"2023-09-05T11:22:25+00:00\" \/>\n<meta property=\"og:image\" content=\"https:\/\/management.como-consult.de\/wp-content\/uploads\/2022\/05\/beratungsleistungen.jpg\" \/>\n\t<meta property=\"og:image:width\" content=\"525\" \/>\n\t<meta property=\"og:image:height\" content=\"295\" \/>\n\t<meta property=\"og:image:type\" content=\"image\/jpeg\" \/>\n<meta name=\"twitter:card\" content=\"summary_large_image\" \/>\n<script type=\"application\/ld+json\" class=\"yoast-schema-graph\">{\"@context\":\"https:\/\/schema.org\",\"@graph\":[{\"@type\":\"WebSite\",\"@id\":\"https:\/\/management.como-consult.de\/en\/#website\",\"url\":\"https:\/\/management.como-consult.de\/en\/\",\"name\":\"Como Consult\",\"description\":\"\",\"potentialAction\":[{\"@type\":\"SearchAction\",\"target\":{\"@type\":\"EntryPoint\",\"urlTemplate\":\"https:\/\/management.como-consult.de\/en\/?s={search_term_string}\"},\"query-input\":\"required name=search_term_string\"}],\"inLanguage\":\"fr-FR\"},{\"@type\":\"ImageObject\",\"inLanguage\":\"fr-FR\",\"@id\":\"https:\/\/management.como-consult.de\/fr\/services\/beratungsleistungen\/#primaryimage\",\"url\":\"https:\/\/management.como-consult.de\/wp-content\/uploads\/2022\/05\/beratungsleistungen.jpg\",\"contentUrl\":\"https:\/\/management.como-consult.de\/wp-content\/uploads\/2022\/05\/beratungsleistungen.jpg\",\"width\":525,\"height\":295},{\"@type\":\"WebPage\",\"@id\":\"https:\/\/management.como-consult.de\/fr\/services\/beratungsleistungen\/\",\"url\":\"https:\/\/management.como-consult.de\/fr\/services\/beratungsleistungen\/\",\"name\":\"Beratungsleistungen - Como Consult\",\"isPartOf\":{\"@id\":\"https:\/\/management.como-consult.de\/en\/#website\"},\"primaryImageOfPage\":{\"@id\":\"https:\/\/management.como-consult.de\/fr\/services\/beratungsleistungen\/#primaryimage\"},\"datePublished\":\"2022-04-27T09:08:10+00:00\",\"dateModified\":\"2023-09-05T11:22:25+00:00\",\"breadcrumb\":{\"@id\":\"https:\/\/management.como-consult.de\/fr\/services\/beratungsleistungen\/#breadcrumb\"},\"inLanguage\":\"fr-FR\",\"potentialAction\":[{\"@type\":\"ReadAction\",\"target\":[\"https:\/\/management.como-consult.de\/fr\/services\/beratungsleistungen\/\"]}]},{\"@type\":\"BreadcrumbList\",\"@id\":\"https:\/\/management.como-consult.de\/fr\/services\/beratungsleistungen\/#breadcrumb\",\"itemListElement\":[{\"@type\":\"ListItem\",\"position\":1,\"name\":\"Home\",\"item\":\"https:\/\/management.como-consult.de\/fr\/\"},{\"@type\":\"ListItem\",\"position\":2,\"name\":\"Prestations de service\",\"item\":\"https:\/\/management.como-consult.de\/fr\/services\/\"},{\"@type\":\"ListItem\",\"position\":3,\"name\":\"Beratungsleistungen\"}]}]}<\/script>\n<!-- \/ Yoast SEO plugin. -->","yoast_head_json":{"title":"Beratungsleistungen - Como Consult","robots":{"index":"index","follow":"follow","max-snippet":"max-snippet:-1","max-image-preview":"max-image-preview:large","max-video-preview":"max-video-preview:-1"},"canonical":"https:\/\/management.como-consult.de\/fr\/services\/beratungsleistungen\/","og_locale":"fr_FR","og_type":"article","og_title":"Beratungsleistungen - Como Consult","og_url":"https:\/\/management.como-consult.de\/fr\/services\/beratungsleistungen\/","og_site_name":"Como Consult","article_modified_time":"2023-09-05T11:22:25+00:00","og_image":[{"width":525,"height":295,"url":"https:\/\/management.como-consult.de\/wp-content\/uploads\/2022\/05\/beratungsleistungen.jpg","type":"image\/jpeg"}],"twitter_card":"summary_large_image","schema":{"@context":"https:\/\/schema.org","@graph":[{"@type":"WebSite","@id":"https:\/\/management.como-consult.de\/en\/#website","url":"https:\/\/management.como-consult.de\/en\/","name":"Como Consult","description":"","potentialAction":[{"@type":"SearchAction","target":{"@type":"EntryPoint","urlTemplate":"https:\/\/management.como-consult.de\/en\/?s={search_term_string}"},"query-input":"required name=search_term_string"}],"inLanguage":"fr-FR"},{"@type":"ImageObject","inLanguage":"fr-FR","@id":"https:\/\/management.como-consult.de\/fr\/services\/beratungsleistungen\/#primaryimage","url":"https:\/\/management.como-consult.de\/wp-content\/uploads\/2022\/05\/beratungsleistungen.jpg","contentUrl":"https:\/\/management.como-consult.de\/wp-content\/uploads\/2022\/05\/beratungsleistungen.jpg","width":525,"height":295},{"@type":"WebPage","@id":"https:\/\/management.como-consult.de\/fr\/services\/beratungsleistungen\/","url":"https:\/\/management.como-consult.de\/fr\/services\/beratungsleistungen\/","name":"Beratungsleistungen - Como Consult","isPartOf":{"@id":"https:\/\/management.como-consult.de\/en\/#website"},"primaryImageOfPage":{"@id":"https:\/\/management.como-consult.de\/fr\/services\/beratungsleistungen\/#primaryimage"},"datePublished":"2022-04-27T09:08:10+00:00","dateModified":"2023-09-05T11:22:25+00:00","breadcrumb":{"@id":"https:\/\/management.como-consult.de\/fr\/services\/beratungsleistungen\/#breadcrumb"},"inLanguage":"fr-FR","potentialAction":[{"@type":"ReadAction","target":["https:\/\/management.como-consult.de\/fr\/services\/beratungsleistungen\/"]}]},{"@type":"BreadcrumbList","@id":"https:\/\/management.como-consult.de\/fr\/services\/beratungsleistungen\/#breadcrumb","itemListElement":[{"@type":"ListItem","position":1,"name":"Home","item":"https:\/\/management.como-consult.de\/fr\/"},{"@type":"ListItem","position":2,"name":"Prestations de service","item":"https:\/\/management.como-consult.de\/fr\/services\/"},{"@type":"ListItem","position":3,"name":"Beratungsleistungen"}]}]}},"wpml_current_locale":"fr_FR","wpml_translations":[{"locale":"en_US","id":91,"slug":"consultingservices","post_title":"Consulting Services","href":"https:\/\/management.como-consult.de\/en\/services\/consultingservices\/"},{"locale":"de_DE","id":88,"slug":"beratungsleistungen","post_title":"Beratungsleistungen","href":"https:\/\/management.como-consult.de\/services\/beratungsleistungen\/"},{"locale":"es_ES","id":95,"slug":"beratungsleistungen","post_title":"Beratungsleistungen","href":"https:\/\/management.como-consult.de\/es\/services\/beratungsleistungen\/"}],"_links":{"self":[{"href":"https:\/\/management.como-consult.de\/fr\/wp-json\/wp\/v2\/pages\/93"}],"collection":[{"href":"https:\/\/management.como-consult.de\/fr\/wp-json\/wp\/v2\/pages"}],"about":[{"href":"https:\/\/management.como-consult.de\/fr\/wp-json\/wp\/v2\/types\/page"}],"author":[{"embeddable":true,"href":"https:\/\/management.como-consult.de\/fr\/wp-json\/wp\/v2\/users\/2"}],"replies":[{"embeddable":true,"href":"https:\/\/management.como-consult.de\/fr\/wp-json\/wp\/v2\/comments?post=93"}],"version-history":[{"count":44,"href":"https:\/\/management.como-consult.de\/fr\/wp-json\/wp\/v2\/pages\/93\/revisions"}],"predecessor-version":[{"id":5196,"href":"https:\/\/management.como-consult.de\/fr\/wp-json\/wp\/v2\/pages\/93\/revisions\/5196"}],"up":[{"embeddable":true,"href":"https:\/\/management.como-consult.de\/fr\/wp-json\/wp\/v2\/pages\/48"}],"wp:featuredmedia":[{"embeddable":true,"href":"https:\/\/management.como-consult.de\/fr\/wp-json\/wp\/v2\/media\/643"}],"wp:attachment":[{"href":"https:\/\/management.como-consult.de\/fr\/wp-json\/wp\/v2\/media?parent=93"}],"curies":[{"name":"wp","href":"https:\/\/api.w.org\/{rel}","templated":true}]}}