{"id":19,"date":"2022-04-27T09:42:15","date_gmt":"2022-04-27T07:42:15","guid":{"rendered":"https:\/\/api.como.k-clients.com\/home\/"},"modified":"2024-05-07T10:06:45","modified_gmt":"2024-05-07T08:06:45","slug":"accueil","status":"publish","type":"page","link":"https:\/\/management.como-consult.de\/fr\/accueil\/","title":{"rendered":"Startseite"},"content":{"rendered":"","protected":false},"excerpt":{"rendered":"","protected":false},"author":1,"featured_media":0,"parent":0,"menu_order":0,"comment_status":"closed","ping_status":"closed","template":"page-home.php","meta":[],"acf":{"consulting_philosophy":{"title":"Beratungsphilosophie","url":"https:\/\/management.como-consult.de\/ueber-uns\/beratungsphilosophie\/"},"where_we_work":{"title":"Wo wir arbeiten","locations_image":"https:\/\/management.como-consult.de\/wp-content\/uploads\/2023\/07\/French-1.png"},"main_banner":"https:\/\/management.como-consult.de\/wp-content\/uploads\/2022\/05\/Como-\u2013-Hero-Image-1.jpg","main_title":"Ver\u00e4nderungen. Bewusst. Gestalten.","what_we_do":[{"icon":"https:\/\/management.como-consult.de\/wp-content\/uploads\/2022\/07\/Erfahrung.png","title":"30","description":"Jahre Erfahrung"},{"icon":"https:\/\/management.como-consult.de\/wp-content\/uploads\/2022\/10\/Team-1.png","title":"120","description":"Berater:innen in unserem weltweiten Netzwerk, die j\u00e4hrlich gemeinsam mit uns in Projekten arbeiten"},{"icon":"https:\/\/management.como-consult.de\/wp-content\/uploads\/2022\/07\/Locations-1.png","title":"45","description":"L\u00e4nder, in denen wir schon t\u00e4tig gewesen sind"}],"our_services":"Unsere Leistungen","our_services_pages":[{"ID":69,"post_author":"2","post_date":"2022-04-27 11:06:41","post_date_gmt":"2022-04-27 09:06:41","post_content":"","post_title":"Coaching und Supervision","post_excerpt":"","post_status":"publish","comment_status":"closed","ping_status":"closed","post_password":"","post_name":"coaching-and-supervision","to_ping":"","pinged":"","post_modified":"2023-07-20 08:47:27","post_modified_gmt":"2023-07-20 06:47:27","post_content_filtered":"","post_parent":48,"guid":"https:\/\/api.como.k-clients.com\/coaching-and-supervision\/","menu_order":2,"post_type":"page","post_mime_type":"","comment_count":"0","filter":"raw"},{"ID":93,"post_author":"2","post_date":"2022-04-27 11:08:10","post_date_gmt":"2022-04-27 09:08:10","post_content":"","post_title":"Beratungsleistungen","post_excerpt":"","post_status":"publish","comment_status":"closed","ping_status":"closed","post_password":"","post_name":"beratungsleistungen","to_ping":"","pinged":"","post_modified":"2023-09-05 13:22:25","post_modified_gmt":"2023-09-05 11:22:25","post_content_filtered":"","post_parent":48,"guid":"https:\/\/api.como.k-clients.com\/consulting-services\/","menu_order":3,"post_type":"page","post_mime_type":"","comment_count":"0","filter":"raw"},{"ID":444,"post_author":"2","post_date":"2022-04-27 11:05:55","post_date_gmt":"2022-04-27 09:05:55","post_content":"","post_title":"Projektdurchf\u00fchrung","post_excerpt":"","post_status":"publish","comment_status":"closed","ping_status":"closed","post_password":"","post_name":"projektdurchfuehrung","to_ping":"","pinged":"","post_modified":"2025-02-13 11:17:50","post_modified_gmt":"2025-02-13 10:17:50","post_content_filtered":"","post_parent":48,"guid":"https:\/\/api.como.k-clients.com\/services\/project-implementation\/","menu_order":1,"post_type":"page","post_mime_type":"","comment_count":"0","filter":"raw"}],"about_us":"\u00dcber Uns","our_responsibility":"Unsere Verantwortung","team":"Team","all_team_members":"Alle anzeigen","team_members_selector":[{"ID":783,"post_author":"2","post_date":"2022-04-29 13:08:08","post_date_gmt":"2022-04-29 11:08:08","post_content":"","post_title":"Matthias Wein","post_excerpt":"","post_status":"publish","comment_status":"closed","ping_status":"closed","post_password":"","post_name":"matthias-wein","to_ping":"","pinged":"","post_modified":"2022-05-12 18:29:17","post_modified_gmt":"2022-05-12 16:29:17","post_content_filtered":"","post_parent":0,"guid":"https:\/\/api.como.k-clients.com\/team\/matthias-wein\/","menu_order":0,"post_type":"team","post_mime_type":"","comment_count":"0","filter":"raw"},{"ID":789,"post_author":"1","post_date":"2022-04-29 13:04:21","post_date_gmt":"2022-04-29 11:04:21","post_content":"","post_title":"Jana Marie Mehrtens","post_excerpt":"","post_status":"publish","comment_status":"closed","ping_status":"closed","post_password":"","post_name":"jana-marie-mehrtens","to_ping":"","pinged":"","post_modified":"2026-02-16 08:31:13","post_modified_gmt":"2026-02-16 07:31:13","post_content_filtered":"","post_parent":0,"guid":"https:\/\/api.como.k-clients.com\/team\/jana-marie-mehrtens\/","menu_order":0,"post_type":"team","post_mime_type":"","comment_count":"0","filter":"raw"},{"ID":795,"post_author":"1","post_date":"2022-04-29 13:03:59","post_date_gmt":"2022-04-29 11:03:59","post_content":"","post_title":"Thomas Finkel","post_excerpt":"","post_status":"publish","comment_status":"closed","ping_status":"closed","post_password":"","post_name":"thomas-finkel","to_ping":"","pinged":"","post_modified":"2026-02-16 08:40:08","post_modified_gmt":"2026-02-16 07:40:08","post_content_filtered":"","post_parent":0,"guid":"https:\/\/api.como.k-clients.com\/team\/thomas-finkel\/","menu_order":0,"post_type":"team","post_mime_type":"","comment_count":"0","filter":"raw"},{"ID":1026,"post_author":"1","post_date":"2022-05-09 11:25:03","post_date_gmt":"2022-05-09 09:25:03","post_content":"","post_title":"Dr. \u00d6ng\u00fcn Ery\u0131lmaz","post_excerpt":"","post_status":"publish","comment_status":"closed","ping_status":"closed","post_password":"","post_name":"dr-oenguen-eryilmaz","to_ping":"","pinged":"","post_modified":"2022-09-21 13:06:44","post_modified_gmt":"2022-09-21 11:06:44","post_content_filtered":"","post_parent":0,"guid":"https:\/\/api.como.k-clients.com\/team\/dr-oenguen-eryilmaz\/","menu_order":0,"post_type":"team","post_mime_type":"","comment_count":"0","filter":"raw"},{"ID":1035,"post_author":"1","post_date":"2022-05-09 11:26:14","post_date_gmt":"2022-05-09 09:26:14","post_content":"","post_title":"Miriam Gyamfi","post_excerpt":"","post_status":"private","comment_status":"closed","ping_status":"closed","post_password":"","post_name":"miriam-gyamfi","to_ping":"","pinged":"","post_modified":"2023-11-14 11:41:07","post_modified_gmt":"2023-11-14 10:41:07","post_content_filtered":"","post_parent":0,"guid":"https:\/\/api.como.k-clients.com\/team\/miriam-gyamfi\/","menu_order":0,"post_type":"team","post_mime_type":"","comment_count":"0","filter":"raw"},{"ID":1043,"post_author":"1","post_date":"2022-05-09 11:26:53","post_date_gmt":"2022-05-09 09:26:53","post_content":"","post_title":"Frauke Hahn","post_excerpt":"","post_status":"publish","comment_status":"closed","ping_status":"closed","post_password":"","post_name":"frauke-hahn","to_ping":"","pinged":"","post_modified":"2024-04-30 08:28:25","post_modified_gmt":"2024-04-30 06:28:25","post_content_filtered":"","post_parent":0,"guid":"https:\/\/api.como.k-clients.com\/team\/frauke-hahn\/","menu_order":0,"post_type":"team","post_mime_type":"","comment_count":"0","filter":"raw"},{"ID":1051,"post_author":"1","post_date":"2022-05-09 11:27:57","post_date_gmt":"2022-05-09 09:27:57","post_content":"","post_title":"Dr. Thomas Holtkamp","post_excerpt":"","post_status":"publish","comment_status":"closed","ping_status":"closed","post_password":"","post_name":"dr-thomas-holtkamp","to_ping":"","pinged":"","post_modified":"2026-02-16 08:41:14","post_modified_gmt":"2026-02-16 07:41:14","post_content_filtered":"","post_parent":0,"guid":"https:\/\/api.como.k-clients.com\/team\/dr-thomas-holtkamp\/","menu_order":0,"post_type":"team","post_mime_type":"","comment_count":"0","filter":"raw"},{"ID":1059,"post_author":"1","post_date":"2022-05-09 11:28:37","post_date_gmt":"2022-05-09 09:28:37","post_content":"","post_title":"Dr. Ellen K\u00fcnzel","post_excerpt":"","post_status":"publish","comment_status":"closed","ping_status":"closed","post_password":"","post_name":"dr-ellen-kuenzel","to_ping":"","pinged":"","post_modified":"2026-02-16 08:29:17","post_modified_gmt":"2026-02-16 07:29:17","post_content_filtered":"","post_parent":0,"guid":"https:\/\/api.como.k-clients.com\/team\/dr-ellen-kuenzel\/","menu_order":0,"post_type":"team","post_mime_type":"","comment_count":"0","filter":"raw"},{"ID":1067,"post_author":"1","post_date":"2022-05-09 11:29:14","post_date_gmt":"2022-05-09 09:29:14","post_content":"","post_title":"Stefan Meyer","post_excerpt":"","post_status":"publish","comment_status":"closed","ping_status":"closed","post_password":"","post_name":"stefan-meyer","to_ping":"","pinged":"","post_modified":"2026-02-16 08:38:02","post_modified_gmt":"2026-02-16 07:38:02","post_content_filtered":"","post_parent":0,"guid":"https:\/\/api.como.k-clients.com\/team\/stefan-meyer\/","menu_order":0,"post_type":"team","post_mime_type":"","comment_count":"0","filter":"raw"},{"ID":1075,"post_author":"1","post_date":"2022-05-09 11:29:54","post_date_gmt":"2022-05-09 09:29:54","post_content":"","post_title":"Alexandra Miersch","post_excerpt":"","post_status":"publish","comment_status":"closed","ping_status":"closed","post_password":"","post_name":"alexandra-miersch","to_ping":"","pinged":"","post_modified":"2026-02-16 08:25:21","post_modified_gmt":"2026-02-16 07:25:21","post_content_filtered":"","post_parent":0,"guid":"https:\/\/api.como.k-clients.com\/team\/alexandra-miersch\/","menu_order":0,"post_type":"team","post_mime_type":"","comment_count":"0","filter":"raw"},{"ID":1091,"post_author":"1","post_date":"2022-05-09 11:31:31","post_date_gmt":"2022-05-09 09:31:31","post_content":"","post_title":"Dr. Thomas Rieger","post_excerpt":"","post_status":"publish","comment_status":"closed","ping_status":"closed","post_password":"","post_name":"dr-thomas-rieger","to_ping":"","pinged":"","post_modified":"2024-06-11 12:28:31","post_modified_gmt":"2024-06-11 10:28:31","post_content_filtered":"","post_parent":0,"guid":"https:\/\/api.como.k-clients.com\/team\/dr-thomas-rieger\/","menu_order":0,"post_type":"team","post_mime_type":"","comment_count":"0","filter":"raw"},{"ID":1099,"post_author":"1","post_date":"2022-05-09 11:32:22","post_date_gmt":"2022-05-09 09:32:22","post_content":"","post_title":"Dr. Gerd Ramm","post_excerpt":"","post_status":"private","comment_status":"closed","ping_status":"closed","post_password":"","post_name":"dr-gerd-ramm","to_ping":"","pinged":"","post_modified":"2025-01-28 12:18:24","post_modified_gmt":"2025-01-28 11:18:24","post_content_filtered":"","post_parent":0,"guid":"https:\/\/api.como.k-clients.com\/team\/%ef%bf%bc%ef%bf%bcdr-gerd-ramm\/","menu_order":0,"post_type":"team","post_mime_type":"","comment_count":"0","filter":"raw"},{"ID":1120,"post_author":"1","post_date":"2022-05-09 11:35:06","post_date_gmt":"2022-05-09 09:35:06","post_content":"","post_title":"Antje Maume","post_excerpt":"","post_status":"publish","comment_status":"closed","ping_status":"closed","post_password":"","post_name":"antje-maume","to_ping":"","pinged":"","post_modified":"2022-11-30 13:17:35","post_modified_gmt":"2022-11-30 12:17:35","post_content_filtered":"","post_parent":0,"guid":"https:\/\/api.como.k-clients.com\/team\/antje-maume\/","menu_order":0,"post_type":"team","post_mime_type":"","comment_count":"0","filter":"raw"},{"ID":1136,"post_author":"1","post_date":"2022-05-09 11:36:30","post_date_gmt":"2022-05-09 09:36:30","post_content":"","post_title":"Torben Voss","post_excerpt":"","post_status":"publish","comment_status":"closed","ping_status":"closed","post_password":"","post_name":"torben-voss","to_ping":"","pinged":"","post_modified":"2025-02-10 16:42:45","post_modified_gmt":"2025-02-10 15:42:45","post_content_filtered":"","post_parent":0,"guid":"https:\/\/api.como.k-clients.com\/team\/torben-voss\/","menu_order":0,"post_type":"team","post_mime_type":"","comment_count":"0","filter":"raw"},{"ID":1144,"post_author":"2","post_date":"2022-05-09 11:37:02","post_date_gmt":"2022-05-09 09:37:02","post_content":"","post_title":"Michael Beyer","post_excerpt":"","post_status":"publish","comment_status":"closed","ping_status":"closed","post_password":"","post_name":"michael-beyer","to_ping":"","pinged":"","post_modified":"2022-05-11 23:20:48","post_modified_gmt":"2022-05-11 21:20:48","post_content_filtered":"","post_parent":0,"guid":"https:\/\/api.como.k-clients.com\/team\/michael-beyer\/","menu_order":0,"post_type":"team","post_mime_type":"","comment_count":"0","filter":"raw"},{"ID":1541,"post_author":"1","post_date":"2022-05-12 00:48:38","post_date_gmt":"2022-05-11 22:48:38","post_content":"","post_title":"Jan Johannsmeier","post_excerpt":"","post_status":"private","comment_status":"closed","ping_status":"closed","post_password":"","post_name":"jan-johannsmeier","to_ping":"","pinged":"","post_modified":"2022-05-12 22:06:27","post_modified_gmt":"2022-05-12 20:06:27","post_content_filtered":"","post_parent":0,"guid":"https:\/\/api.como.k-clients.com\/team\/jan-johannsmeier\/","menu_order":0,"post_type":"team","post_mime_type":"","comment_count":"0","filter":"raw"},{"ID":2691,"post_author":"1","post_date":"2022-08-31 15:35:37","post_date_gmt":"2022-08-31 13:35:37","post_content":"","post_title":"Jan Johannsmeier","post_excerpt":"","post_status":"draft","comment_status":"closed","ping_status":"closed","post_password":"","post_name":"","to_ping":"","pinged":"","post_modified":"2022-08-31 15:27:05","post_modified_gmt":"0000-00-00 00:00:00","post_content_filtered":"","post_parent":0,"guid":"https:\/\/api.como.k-clients.com\/?post_type=team&p=2691","menu_order":0,"post_type":"team","post_mime_type":"","comment_count":"0","filter":"raw"},{"ID":2763,"post_author":"1","post_date":"2022-09-07 11:52:43","post_date_gmt":"2022-09-07 09:52:43","post_content":"","post_title":"Matthias Wein","post_excerpt":"","post_status":"draft","comment_status":"closed","ping_status":"closed","post_password":"","post_name":"","to_ping":"","pinged":"","post_modified":"2022-09-07 11:43:54","post_modified_gmt":"0000-00-00 00:00:00","post_content_filtered":"","post_parent":0,"guid":"https:\/\/api.como.k-clients.com\/?post_type=team&p=2763","menu_order":0,"post_type":"team","post_mime_type":"","comment_count":"0","filter":"raw"},{"ID":2803,"post_author":"1","post_date":"2022-09-07 17:23:46","post_date_gmt":"2022-09-07 15:23:46","post_content":"","post_title":"Jan Johannsmeier","post_excerpt":"","post_status":"draft","comment_status":"closed","ping_status":"closed","post_password":"","post_name":"","to_ping":"","pinged":"","post_modified":"2022-09-07 17:06:47","post_modified_gmt":"0000-00-00 00:00:00","post_content_filtered":"","post_parent":0,"guid":"https:\/\/api.como.k-clients.com\/?post_type=team&p=2803","menu_order":0,"post_type":"team","post_mime_type":"","comment_count":"0","filter":"raw"},{"ID":2812,"post_author":"1","post_date":"2022-09-07 17:40:45","post_date_gmt":"2022-09-07 15:40:45","post_content":"","post_title":"Miriam Gyamfi","post_excerpt":"","post_status":"draft","comment_status":"closed","ping_status":"closed","post_password":"","post_name":"","to_ping":"","pinged":"","post_modified":"2022-09-07 17:37:07","post_modified_gmt":"0000-00-00 00:00:00","post_content_filtered":"","post_parent":0,"guid":"https:\/\/api.como.k-clients.com\/?post_type=team&p=2812","menu_order":0,"post_type":"team","post_mime_type":"","comment_count":"0","filter":"raw"},{"ID":2646,"post_author":"1","post_date":"2022-08-30 14:19:21","post_date_gmt":"2022-08-30 12:19:21","post_content":"","post_title":"Sebastian Jung","post_excerpt":"","post_status":"publish","comment_status":"closed","ping_status":"closed","post_password":"","post_name":"sebastian-jung","to_ping":"","pinged":"","post_modified":"2022-12-01 12:17:30","post_modified_gmt":"2022-12-01 11:17:30","post_content_filtered":"","post_parent":0,"guid":"https:\/\/api.como.k-clients.com\/?post_type=team&#038;p=2646","menu_order":0,"post_type":"team","post_mime_type":"","comment_count":"0","filter":"raw"}],"about_us_static_post":{"title":"30 Jahre Erfahrung","content":"<h4>Seit 1993 beraten wir Non-Profit-Organisationen, die \u00f6ffentliche Verwaltung, Unternehmen und Einzelpersonen in Ver\u00e4nderungsprozessen. Wir arbeiten insbesondere mit Kund:innen, die einen Beitrag zum Gemeinwohl und nachhaltiger Entwicklung leisten m\u00f6chten1.<\/h4>\n<h4><\/h4>\n<h4>\u00dcber unsere B\u00fcros in Hamburg und Berlin sowie unser weltweites Netzwerk begleiten wir ganz unterschiedliche Menschen und Organisationen auf allen gesellschaftlichen Ebenen bei der Entfaltung ihrer Wirksamkeit &#8211; mit viel Erfahrung, Professionalit\u00e4t und einer gemeinsamen Beratungsphilosophie.<\/h4>\n"},"case_studies":{"title":"Cases","all_cases":"Alle anzeigen","case_post_selector":[{"ID":834,"post_author":"1","post_date":"2022-04-29 13:26:02","post_date_gmt":"2022-04-29 11:26:02","post_content":"","post_title":"Internationale OE-Ausbildungen","post_excerpt":"","post_status":"publish","comment_status":"closed","ping_status":"closed","post_password":"","post_name":"officia-ex-voluptatem-labore-illo-qui-fugit","to_ping":"","pinged":"","post_modified":"2023-09-05 12:51:20","post_modified_gmt":"2023-09-05 10:51:20","post_content_filtered":"","post_parent":0,"guid":"https:\/\/api.como.k-clients.com\/case_studies\/officia-ex-voluptatem-labore-illo-qui-fugit\/","menu_order":0,"post_type":"case_studies","post_mime_type":"","comment_count":"0","filter":"raw"},{"ID":841,"post_author":"1","post_date":"2022-04-29 13:25:38","post_date_gmt":"2022-04-29 11:25:38","post_content":"<img class=\"alignnone size-medium wp-image-4696\" src=\"https:\/\/management.como-consult.de\/wp-content\/uploads\/2023\/06\/IMG_4642-1-225x300.jpg\" alt=\"\" width=\"225\" height=\"300\" \/>","post_title":"Seminar im Internationalen Masterstudiengang Development Management","post_excerpt":"","post_status":"publish","comment_status":"closed","ping_status":"closed","post_password":"","post_name":"seminar-im-internationalen-masterstudiengang-development-management","to_ping":"","pinged":"","post_modified":"2025-02-13 11:59:15","post_modified_gmt":"2025-02-13 10:59:15","post_content_filtered":"","post_parent":0,"guid":"https:\/\/api.como.k-clients.com\/case_studies\/governance-und-dezentralisierung\/","menu_order":0,"post_type":"case_studies","post_mime_type":"","comment_count":"0","filter":"raw"}]},"what_we_work_with":{"title":"Womit wir arbeiten","what_we_work_with":[{"title":"Bereich der Organisationsentwicklung und des Ver\u00e4nderungsmanagements","number":"614"},{"title":"Bereich der Strategie- und Managementberatung","number":"538"},{"title":"Projekte im Bereich Klima & Umwelt","number":"398"},{"title":"Trainings","number":"481"},{"title":"Not-for-profit Projekte","number":"48"}]},"articles":{"title":"Como bewegt","all_articles":"Alle Artikel","articles_selector":[{"ID":1641,"post_author":"2","post_date":"2022-05-12 23:24:56","post_date_gmt":"2022-05-12 21:24:56","post_content":"","post_title":"Quis est sint accusantium et placeat eos eius et.","post_excerpt":"","post_status":"publish","comment_status":"closed","ping_status":"closed","post_password":"","post_name":"quis-est-sint-accusantium-et-placeat-eos-eius-et","to_ping":"","pinged":"","post_modified":"2022-05-13 13:25:53","post_modified_gmt":"2022-05-13 11:25:53","post_content_filtered":"","post_parent":0,"guid":"https:\/\/api.como.k-clients.com\/articles\/quis-est-sint-accusantium-et-placeat-eos-eius-et\/","menu_order":0,"post_type":"articles","post_mime_type":"","comment_count":"0","filter":"raw"},{"ID":1653,"post_author":"2","post_date":"2022-05-12 23:27:32","post_date_gmt":"2022-05-12 21:27:32","post_content":"","post_title":"Officia ex voluptatem labore illo qui fugit.","post_excerpt":"","post_status":"draft","comment_status":"closed","ping_status":"closed","post_password":"","post_name":"officia-ex-voluptatem-labore-illo-qui-fugit","to_ping":"","pinged":"","post_modified":"2023-05-05 14:52:43","post_modified_gmt":"2023-05-05 12:52:43","post_content_filtered":"","post_parent":0,"guid":"https:\/\/api.como.k-clients.com\/articles\/officia-ex-voluptatem-labore-illo-qui-fugit\/","menu_order":0,"post_type":"articles","post_mime_type":"","comment_count":"0","filter":"raw"},{"ID":1661,"post_author":"2","post_date":"2022-05-12 23:28:43","post_date_gmt":"2022-05-12 21:28:43","post_content":"","post_title":"Unser Jubil\u00e4um - 30 Jahre Como Consult GmbH","post_excerpt":"","post_status":"draft","comment_status":"closed","ping_status":"closed","post_password":"","post_name":"30-jahre-como-consult-gmbh","to_ping":"","pinged":"","post_modified":"2023-11-14 12:28:45","post_modified_gmt":"2023-11-14 11:28:45","post_content_filtered":"","post_parent":0,"guid":"https:\/\/api.como.k-clients.com\/articles\/ut-et-qui-vero-ut-aut-qui-commodi\/","menu_order":0,"post_type":"articles","post_mime_type":"","comment_count":"0","filter":"raw"},{"ID":1667,"post_author":"2","post_date":"2022-05-12 23:29:39","post_date_gmt":"2022-05-12 21:29:39","post_content":"<img class=\"alignnone size-medium wp-image-4667\" src=\"https:\/\/management.como-consult.de\/wp-content\/uploads\/2023\/06\/IMG_8551-225x300.jpg\" alt=\"\" width=\"225\" height=\"300\" \/>","post_title":"Ohne Oben \u2013 (m)eine sinnerf\u00fcllende Freiheit","post_excerpt":"","post_status":"publish","comment_status":"closed","ping_status":"closed","post_password":"","post_name":"ohne-oben-meine-sinnerfuellende-freiheit","to_ping":"","pinged":"","post_modified":"2023-09-05 13:47:36","post_modified_gmt":"2023-09-05 11:47:36","post_content_filtered":"","post_parent":0,"guid":"https:\/\/api.como.k-clients.com\/articles\/officia-ex-voluptatem-labore-illo-qui-fugit-2\/","menu_order":0,"post_type":"articles","post_mime_type":"","comment_count":"0","filter":"raw"},{"ID":1699,"post_author":"2","post_date":"2022-05-12 23:33:19","post_date_gmt":"2022-05-12 21:33:19","post_content":"&nbsp;\r\n\r\n&nbsp;","post_title":"Weniger ist mehr \u2013 Wie kann es einem Team gelingen, weniger Meetings im Kalender zu haben?","post_excerpt":"","post_status":"publish","comment_status":"closed","ping_status":"closed","post_password":"","post_name":"solidaritaet-mit-schutzsuchenden-in-afghanistan","to_ping":"","pinged":"","post_modified":"2023-07-11 14:50:25","post_modified_gmt":"2023-07-11 12:50:25","post_content_filtered":"","post_parent":0,"guid":"https:\/\/api.como.k-clients.com\/articles\/solidaritaet-mit-schutzsuchenden-in-afghanistan\/","menu_order":0,"post_type":"articles","post_mime_type":"","comment_count":"0","filter":"raw"}]}},"yoast_head":"<!-- This site is optimized with the Yoast SEO plugin v19.3 - https:\/\/yoast.com\/wordpress\/plugins\/seo\/ -->\n<title>Startseite - Como Consult<\/title>\n<meta name=\"robots\" content=\"index, follow, max-snippet:-1, max-image-preview:large, max-video-preview:-1\" \/>\n<link rel=\"canonical\" href=\"https:\/\/management.como-consult.de\/fr\/accueil\/\" \/>\n<meta property=\"og:locale\" content=\"fr_FR\" \/>\n<meta property=\"og:type\" content=\"article\" \/>\n<meta property=\"og:title\" content=\"Startseite - Como Consult\" \/>\n<meta property=\"og:url\" content=\"https:\/\/management.como-consult.de\/fr\/accueil\/\" \/>\n<meta property=\"og:site_name\" content=\"Como Consult\" \/>\n<meta property=\"article:modified_time\" content=\"2024-05-07T08:06:45+00:00\" \/>\n<meta name=\"twitter:card\" content=\"summary_large_image\" \/>\n<script type=\"application\/ld+json\" class=\"yoast-schema-graph\">{\"@context\":\"https:\/\/schema.org\",\"@graph\":[{\"@type\":\"WebSite\",\"@id\":\"https:\/\/management.como-consult.de\/en\/#website\",\"url\":\"https:\/\/management.como-consult.de\/en\/\",\"name\":\"Como Consult\",\"description\":\"\",\"potentialAction\":[{\"@type\":\"SearchAction\",\"target\":{\"@type\":\"EntryPoint\",\"urlTemplate\":\"https:\/\/management.como-consult.de\/en\/?s={search_term_string}\"},\"query-input\":\"required name=search_term_string\"}],\"inLanguage\":\"fr-FR\"},{\"@type\":\"WebPage\",\"@id\":\"https:\/\/management.como-consult.de\/fr\/accueil\/\",\"url\":\"https:\/\/management.como-consult.de\/fr\/accueil\/\",\"name\":\"Startseite - Como Consult\",\"isPartOf\":{\"@id\":\"https:\/\/management.como-consult.de\/en\/#website\"},\"datePublished\":\"2022-04-27T07:42:15+00:00\",\"dateModified\":\"2024-05-07T08:06:45+00:00\",\"breadcrumb\":{\"@id\":\"https:\/\/management.como-consult.de\/fr\/accueil\/#breadcrumb\"},\"inLanguage\":\"fr-FR\",\"potentialAction\":[{\"@type\":\"ReadAction\",\"target\":[\"https:\/\/management.como-consult.de\/fr\/accueil\/\"]}]},{\"@type\":\"BreadcrumbList\",\"@id\":\"https:\/\/management.como-consult.de\/fr\/accueil\/#breadcrumb\",\"itemListElement\":[{\"@type\":\"ListItem\",\"position\":1,\"name\":\"Home\",\"item\":\"https:\/\/management.como-consult.de\/fr\/\"},{\"@type\":\"ListItem\",\"position\":2,\"name\":\"Startseite\"}]}]}<\/script>\n<!-- \/ Yoast SEO plugin. -->","yoast_head_json":{"title":"Startseite - Como Consult","robots":{"index":"index","follow":"follow","max-snippet":"max-snippet:-1","max-image-preview":"max-image-preview:large","max-video-preview":"max-video-preview:-1"},"canonical":"https:\/\/management.como-consult.de\/fr\/accueil\/","og_locale":"fr_FR","og_type":"article","og_title":"Startseite - Como Consult","og_url":"https:\/\/management.como-consult.de\/fr\/accueil\/","og_site_name":"Como Consult","article_modified_time":"2024-05-07T08:06:45+00:00","twitter_card":"summary_large_image","schema":{"@context":"https:\/\/schema.org","@graph":[{"@type":"WebSite","@id":"https:\/\/management.como-consult.de\/en\/#website","url":"https:\/\/management.como-consult.de\/en\/","name":"Como Consult","description":"","potentialAction":[{"@type":"SearchAction","target":{"@type":"EntryPoint","urlTemplate":"https:\/\/management.como-consult.de\/en\/?s={search_term_string}"},"query-input":"required name=search_term_string"}],"inLanguage":"fr-FR"},{"@type":"WebPage","@id":"https:\/\/management.como-consult.de\/fr\/accueil\/","url":"https:\/\/management.como-consult.de\/fr\/accueil\/","name":"Startseite - Como Consult","isPartOf":{"@id":"https:\/\/management.como-consult.de\/en\/#website"},"datePublished":"2022-04-27T07:42:15+00:00","dateModified":"2024-05-07T08:06:45+00:00","breadcrumb":{"@id":"https:\/\/management.como-consult.de\/fr\/accueil\/#breadcrumb"},"inLanguage":"fr-FR","potentialAction":[{"@type":"ReadAction","target":["https:\/\/management.como-consult.de\/fr\/accueil\/"]}]},{"@type":"BreadcrumbList","@id":"https:\/\/management.como-consult.de\/fr\/accueil\/#breadcrumb","itemListElement":[{"@type":"ListItem","position":1,"name":"Home","item":"https:\/\/management.como-consult.de\/fr\/"},{"@type":"ListItem","position":2,"name":"Startseite"}]}]}},"wpml_current_locale":"fr_FR","wpml_translations":[],"_links":{"self":[{"href":"https:\/\/management.como-consult.de\/fr\/wp-json\/wp\/v2\/pages\/19"}],"collection":[{"href":"https:\/\/management.como-consult.de\/fr\/wp-json\/wp\/v2\/pages"}],"about":[{"href":"https:\/\/management.como-consult.de\/fr\/wp-json\/wp\/v2\/types\/page"}],"author":[{"embeddable":true,"href":"https:\/\/management.como-consult.de\/fr\/wp-json\/wp\/v2\/users\/1"}],"replies":[{"embeddable":true,"href":"https:\/\/management.como-consult.de\/fr\/wp-json\/wp\/v2\/comments?post=19"}],"version-history":[{"count":18,"href":"https:\/\/management.como-consult.de\/fr\/wp-json\/wp\/v2\/pages\/19\/revisions"}],"predecessor-version":[{"id":5397,"href":"https:\/\/management.como-consult.de\/fr\/wp-json\/wp\/v2\/pages\/19\/revisions\/5397"}],"wp:attachment":[{"href":"https:\/\/management.como-consult.de\/fr\/wp-json\/wp\/v2\/media?parent=19"}],"curies":[{"name":"wp","href":"https:\/\/api.w.org\/{rel}","templated":true}]}}