{"id":156,"date":"2022-04-27T11:12:47","date_gmt":"2022-04-27T09:12:47","guid":{"rendered":"https:\/\/api.como.k-clients.com\/responsibilities\/"},"modified":"2025-02-10T17:17:30","modified_gmt":"2025-02-10T16:17:30","slug":"verantwortungen","status":"publish","type":"page","link":"https:\/\/management.como-consult.de\/fr\/a-propos-de-nous\/verantwortungen\/","title":{"rendered":"Unsere Verantwortung"},"content":{"rendered":"","protected":false},"excerpt":{"rendered":"","protected":false},"author":2,"featured_media":0,"parent":132,"menu_order":1,"comment_status":"closed","ping_status":"closed","template":"page-responsibilities.php","meta":[],"acf":{"banner":{"background_image":"https:\/\/management.como-consult.de\/wp-content\/uploads\/2022\/05\/Como-Verantwortung.jpg","responsibilities":[{"icon":"https:\/\/management.como-consult.de\/wp-content\/uploads\/2022\/07\/Kalendar.png","title":"2012","description":"Seit 2012 sind wir klimaneutral"},{"icon":"https:\/\/management.como-consult.de\/wp-content\/uploads\/2022\/07\/Klimaneutral.png","title":"2019","description":"Seit 2019 sind wir klimapositiv"},{"icon":"https:\/\/management.como-consult.de\/wp-content\/uploads\/2022\/07\/Trees.png","title":"2","description":"In zwei gro\u00dfe Renaturierungsprojekte investiert\r\n"}]},"responsibilitiesContent":[{"title":"Fliegen und CO2 - Ausgleich","content-title":"<p>Durch die Beratung von Kund:innen an unterschiedlichen Orten verursachen wir erhebliche Mengen an CO2-Emissionen. Die Reisen sind nicht immer zu vermeiden. In Deutschland verzichten wir aber auf Inlandsfl\u00fcge und legen die Strecke mit der Bahn zur\u00fcck. Auf Langstrecken kommen wir ums Fliegen meist nicht herum.<\/p>\n<p>Als Unternehmen tragen wir die Verantwortung f\u00fcr unseren \u00f6kologischen Fu\u00dfabdruck und investieren daher seit 2012 in erneuerbare Energieprojekte, um unsere Emissionen komplett zu kompensieren. Aus den Gewinnen der erneuerbaren Energieprojekte finanzieren wir seit 2019 die Renaturierung von Mooren in Norddeutschland. Dies erfolgt \u00fcber den Kauf von <a href=\"https:\/\/www.moorfutures.de\/\">Moorfutures<\/a> und tr\u00e4gt zus\u00e4tzlich zum Klimaschutz bei. Moore gelten, st\u00e4rker noch als Regenw\u00e4lder, als effektive CO2-Speicher und erh\u00f6hen die Biodiversit\u00e4t, da sie unterschiedlichsten Arten einen Lebensraum bieten.<\/p>\n"},{"title":"Mitgliedschaften","content-title":"<p>Wir Sind Mitglied in der Umweltpartnerschaft Hamburg und haben die Stellungnahme von <a href=\"https:\/\/entrepreneurs4future.de\/\" target=\"_blank\" rel=\"noopener\">Entrepreneurs 4 Future<\/a> unterschrieben, die sich an den Zielen des Pariser Klimaschutzabkommens von 2015 anlehnt. Vielleicht k\u00f6nnen Sie Ihr Unternehmen auch zu einer Unterschrift bewegen?<\/p>\n"},{"title":"Verbrauch an unseren Standorten","content-title":"<p>Den Strom f\u00fcr unsere B\u00fcros in Hamburg und Berlin beziehen wir aus erneuerbaren Energien \u00fcber (<a href=\"https:\/\/www.greenpeace-energy.de\/geschaeftskunden.html\" target=\"_blank\" rel=\"noopener\">green-planet-energy<\/a>) und hoffen, dies in Zukunft auch auf unsere W\u00e4rmelieferanten ausweiten zu k\u00f6nnen, um Windgas zu beziehen. Unseren Bedarf f\u00fcr B\u00fcromaterial decken wir \u00fcber einen <a href=\"https:\/\/www.memo.de\/\" target=\"_blank\" rel=\"noopener\">zertifizierten nachhaltigen Versand<\/a>.<\/p>\n<p>Bei Events und Trainings, die wir intern und f\u00fcr Kunden an unseren B\u00fcro-Standorten durchf\u00fchren, verzichten wir auf Fleisch und Fisch. Faire Produktionsbedingungen, die Einhaltung \u00f6kologischer Standards und soziale Verantwortung sind die Kriterien, auf die wir hier achten. Unser Kaffee kommt zum Beispiel von <a href=\"https:\/\/www.el-rojito.de\/\" target=\"_blank\" rel=\"noopener\">El Rojito<\/a>.<\/p>\n<p>Dass nachhaltiger Konsum auch Spa\u00df machen kann, bemerken wir aktuell beim Geschmacksvergleich von Hamburger und Berliner Leitungswasser. Viele von uns im Team hatten vergessen, was daf\u00fcr spricht, Leitungswasser zu trinken und wie abstrus die Verpackung dieses unentbehrlichen Lebensmittels eigentlich ist. Das zeigt auf unterhaltsame Weise die <a href=\"https:\/\/www.youtube.com\/watch?v=Se12y9hSOM0\" target=\"_blank\" rel=\"noopener\">Story of Bottled Water<\/a>. Bei gr\u00f6\u00dferen Veranstaltungen nehmen wir dann das Wasser von <a href=\"https:\/\/www.vivaconagua.org\/\" target=\"_blank\" rel=\"noopener\">Viva con Agua <\/a>dazu.<\/p>\n"},{"title":"Soziales Engagement","content-title":"<p>Como Consult unterst\u00fctzt das soziale und politische Engagement seiner Mitarbeiter:innen und Berater:innen. Dazu geh\u00f6rt es, Zeit zu schaffen f\u00fcr pro Bono-Auftr\u00e4ge f\u00fcr die Arbeit mit Klienten, die keine oder nur wenige finanzielle Mittel zur Verf\u00fcgung haben. Das sind z.B. NGOs, Start-ups oder soziale Einrichtungen f\u00fcr die wir unser Knowhow und unsere R\u00e4umlichkeiten zur Verf\u00fcgung stellen. Einige Beispiele finden Sie unter <a href=\"https:\/\/como-consult-2022.ssl-vorschaulink.de\/articles\/\">Como bewegt<\/a>.<\/p>\n"},{"title":"Ein Anfang","content-title":"<p>Wir sind uns bewusst, dass all diese Ma\u00dfnahmen nur ein Anfang sind und freuen uns \u00fcber weitere Ideen. Wenn Sie unterst\u00fctzenswerte Initiativen kennen, wenn Sie pragmatische Vorschl\u00e4ge haben, was wir noch verbessern k\u00f6nnen, schreiben Sie gern eine E-Mail an <a href=\"mailto:info@como-consult.de\">info@como-consult.de<\/a>. Wir sind neugierig und freuen uns auf konstruktive Anregungen!<\/p>\n"}]},"yoast_head":"<!-- This site is optimized with the Yoast SEO plugin v19.3 - https:\/\/yoast.com\/wordpress\/plugins\/seo\/ -->\n<title>Unsere Verantwortung - Como Consult<\/title>\n<meta name=\"robots\" content=\"index, follow, max-snippet:-1, max-image-preview:large, max-video-preview:-1\" \/>\n<link rel=\"canonical\" href=\"https:\/\/management.como-consult.de\/fr\/a-propos-de-nous\/verantwortungen\/\" \/>\n<meta property=\"og:locale\" content=\"fr_FR\" \/>\n<meta property=\"og:type\" content=\"article\" \/>\n<meta property=\"og:title\" content=\"Unsere Verantwortung - Como Consult\" \/>\n<meta property=\"og:url\" content=\"https:\/\/management.como-consult.de\/fr\/a-propos-de-nous\/verantwortungen\/\" \/>\n<meta property=\"og:site_name\" content=\"Como Consult\" \/>\n<meta property=\"article:modified_time\" content=\"2025-02-10T16:17:30+00:00\" \/>\n<meta name=\"twitter:card\" content=\"summary_large_image\" \/>\n<script type=\"application\/ld+json\" class=\"yoast-schema-graph\">{\"@context\":\"https:\/\/schema.org\",\"@graph\":[{\"@type\":\"WebSite\",\"@id\":\"https:\/\/management.como-consult.de\/en\/#website\",\"url\":\"https:\/\/management.como-consult.de\/en\/\",\"name\":\"Como Consult\",\"description\":\"\",\"potentialAction\":[{\"@type\":\"SearchAction\",\"target\":{\"@type\":\"EntryPoint\",\"urlTemplate\":\"https:\/\/management.como-consult.de\/en\/?s={search_term_string}\"},\"query-input\":\"required name=search_term_string\"}],\"inLanguage\":\"fr-FR\"},{\"@type\":\"WebPage\",\"@id\":\"https:\/\/management.como-consult.de\/fr\/a-propos-de-nous\/verantwortungen\/\",\"url\":\"https:\/\/management.como-consult.de\/fr\/a-propos-de-nous\/verantwortungen\/\",\"name\":\"Unsere Verantwortung - Como Consult\",\"isPartOf\":{\"@id\":\"https:\/\/management.como-consult.de\/en\/#website\"},\"datePublished\":\"2022-04-27T09:12:47+00:00\",\"dateModified\":\"2025-02-10T16:17:30+00:00\",\"breadcrumb\":{\"@id\":\"https:\/\/management.como-consult.de\/fr\/a-propos-de-nous\/verantwortungen\/#breadcrumb\"},\"inLanguage\":\"fr-FR\",\"potentialAction\":[{\"@type\":\"ReadAction\",\"target\":[\"https:\/\/management.como-consult.de\/fr\/a-propos-de-nous\/verantwortungen\/\"]}]},{\"@type\":\"BreadcrumbList\",\"@id\":\"https:\/\/management.como-consult.de\/fr\/a-propos-de-nous\/verantwortungen\/#breadcrumb\",\"itemListElement\":[{\"@type\":\"ListItem\",\"position\":1,\"name\":\"Home\",\"item\":\"https:\/\/management.como-consult.de\/fr\/\"},{\"@type\":\"ListItem\",\"position\":2,\"name\":\"\u00c0 propos de nous\",\"item\":\"https:\/\/management.como-consult.de\/fr\/a-propos-de-nous\/\"},{\"@type\":\"ListItem\",\"position\":3,\"name\":\"Unsere Verantwortung\"}]}]}<\/script>\n<!-- \/ Yoast SEO plugin. -->","yoast_head_json":{"title":"Unsere Verantwortung - Como Consult","robots":{"index":"index","follow":"follow","max-snippet":"max-snippet:-1","max-image-preview":"max-image-preview:large","max-video-preview":"max-video-preview:-1"},"canonical":"https:\/\/management.como-consult.de\/fr\/a-propos-de-nous\/verantwortungen\/","og_locale":"fr_FR","og_type":"article","og_title":"Unsere Verantwortung - Como Consult","og_url":"https:\/\/management.como-consult.de\/fr\/a-propos-de-nous\/verantwortungen\/","og_site_name":"Como Consult","article_modified_time":"2025-02-10T16:17:30+00:00","twitter_card":"summary_large_image","schema":{"@context":"https:\/\/schema.org","@graph":[{"@type":"WebSite","@id":"https:\/\/management.como-consult.de\/en\/#website","url":"https:\/\/management.como-consult.de\/en\/","name":"Como Consult","description":"","potentialAction":[{"@type":"SearchAction","target":{"@type":"EntryPoint","urlTemplate":"https:\/\/management.como-consult.de\/en\/?s={search_term_string}"},"query-input":"required name=search_term_string"}],"inLanguage":"fr-FR"},{"@type":"WebPage","@id":"https:\/\/management.como-consult.de\/fr\/a-propos-de-nous\/verantwortungen\/","url":"https:\/\/management.como-consult.de\/fr\/a-propos-de-nous\/verantwortungen\/","name":"Unsere Verantwortung - Como Consult","isPartOf":{"@id":"https:\/\/management.como-consult.de\/en\/#website"},"datePublished":"2022-04-27T09:12:47+00:00","dateModified":"2025-02-10T16:17:30+00:00","breadcrumb":{"@id":"https:\/\/management.como-consult.de\/fr\/a-propos-de-nous\/verantwortungen\/#breadcrumb"},"inLanguage":"fr-FR","potentialAction":[{"@type":"ReadAction","target":["https:\/\/management.como-consult.de\/fr\/a-propos-de-nous\/verantwortungen\/"]}]},{"@type":"BreadcrumbList","@id":"https:\/\/management.como-consult.de\/fr\/a-propos-de-nous\/verantwortungen\/#breadcrumb","itemListElement":[{"@type":"ListItem","position":1,"name":"Home","item":"https:\/\/management.como-consult.de\/fr\/"},{"@type":"ListItem","position":2,"name":"\u00c0 propos de nous","item":"https:\/\/management.como-consult.de\/fr\/a-propos-de-nous\/"},{"@type":"ListItem","position":3,"name":"Unsere Verantwortung"}]}]}},"wpml_current_locale":"fr_FR","wpml_translations":[{"locale":"en_US","id":154,"slug":"verantwortungen","post_title":"Our Responsibility","href":"https:\/\/management.como-consult.de\/en\/about-us\/verantwortungen\/"},{"locale":"de_DE","id":151,"slug":"verantwortungen","post_title":"Unsere Verantwortung","href":"https:\/\/management.como-consult.de\/ueber-uns\/verantwortungen\/"},{"locale":"es_ES","id":158,"slug":"verantwortungen","post_title":"Unsere Verantwortung","href":"https:\/\/management.como-consult.de\/es\/sobre-nosotros\/verantwortungen\/"}],"_links":{"self":[{"href":"https:\/\/management.como-consult.de\/fr\/wp-json\/wp\/v2\/pages\/156"}],"collection":[{"href":"https:\/\/management.como-consult.de\/fr\/wp-json\/wp\/v2\/pages"}],"about":[{"href":"https:\/\/management.como-consult.de\/fr\/wp-json\/wp\/v2\/types\/page"}],"author":[{"embeddable":true,"href":"https:\/\/management.como-consult.de\/fr\/wp-json\/wp\/v2\/users\/2"}],"replies":[{"embeddable":true,"href":"https:\/\/management.como-consult.de\/fr\/wp-json\/wp\/v2\/comments?post=156"}],"version-history":[{"count":25,"href":"https:\/\/management.como-consult.de\/fr\/wp-json\/wp\/v2\/pages\/156\/revisions"}],"predecessor-version":[{"id":5835,"href":"https:\/\/management.como-consult.de\/fr\/wp-json\/wp\/v2\/pages\/156\/revisions\/5835"}],"up":[{"embeddable":true,"href":"https:\/\/management.como-consult.de\/fr\/wp-json\/wp\/v2\/pages\/132"}],"wp:attachment":[{"href":"https:\/\/management.como-consult.de\/fr\/wp-json\/wp\/v2\/media?parent=156"}],"curies":[{"name":"wp","href":"https:\/\/api.w.org\/{rel}","templated":true}]}}