{"id":83,"date":"2022-04-27T11:07:19","date_gmt":"2022-04-27T09:07:19","guid":{"rendered":"https:\/\/api.como.k-clients.com\/como-academy\/"},"modified":"2023-06-28T15:59:06","modified_gmt":"2023-06-28T13:59:06","slug":"como-akademie","status":"publish","type":"page","link":"https:\/\/management.como-consult.de\/es\/services\/como-akademie\/","title":{"rendered":"Como Academy"},"content":{"rendered":"","protected":false},"excerpt":{"rendered":"","protected":false},"author":2,"featured_media":649,"parent":50,"menu_order":4,"comment_status":"closed","ping_status":"closed","template":"page-como-academy.php","meta":[],"acf":{"banner":{"ID":1706,"id":1706,"title":"Como-Academy","filename":"Como-Academy-1.jpg","filesize":278973,"url":"https:\/\/management.como-consult.de\/wp-content\/uploads\/2022\/05\/Como-Academy-1.jpg","link":"https:\/\/management.como-consult.de\/es\/services\/beratungsleistungen\/como-academy-2-2\/","alt":"","author":"1","description":"","caption":"","name":"como-academy-2-2","status":"inherit","uploaded_to":95,"date":"2022-05-12 21:52:06","modified":"2022-05-12 21:52:06","menu_order":0,"mime_type":"image\/jpeg","type":"image","subtype":"jpeg","icon":"https:\/\/management.como-consult.de\/wp-includes\/images\/media\/default.png","width":1920,"height":1080,"sizes":{"thumbnail":"https:\/\/management.como-consult.de\/wp-content\/uploads\/2022\/05\/Como-Academy-1-150x150.jpg","thumbnail-width":150,"thumbnail-height":150,"medium":"https:\/\/management.como-consult.de\/wp-content\/uploads\/2022\/05\/Como-Academy-1-300x169.jpg","medium-width":300,"medium-height":169,"medium_large":"https:\/\/management.como-consult.de\/wp-content\/uploads\/2022\/05\/Como-Academy-1-768x432.jpg","medium_large-width":640,"medium_large-height":360,"large":"https:\/\/management.como-consult.de\/wp-content\/uploads\/2022\/05\/Como-Academy-1-1024x576.jpg","large-width":640,"large-height":360,"1536x1536":"https:\/\/management.como-consult.de\/wp-content\/uploads\/2022\/05\/Como-Academy-1-1536x864.jpg","1536x1536-width":1536,"1536x1536-height":864,"2048x2048":"https:\/\/management.como-consult.de\/wp-content\/uploads\/2022\/05\/Como-Academy-1.jpg","2048x2048-width":1920,"2048x2048-height":1080}},"como_academy_content":"In unserer Como Academy geben wir unser gesammeltes Erfahrungswissen aus \u00fcber 25 Jahren in der Begleitung von Ver\u00e4nderungsprozessen an unsere Kund:innen weiter. Wir greifen dabei auf einen Pool sehr diverser Beraterinnen und Berater unserer eigenen Organisation und unseres Netzwerks zur\u00fcck. Zielgruppe unserer Aus- und Fortbildungen sind Fach- und F\u00fchrungskr\u00e4fte aus Organisationen des \u00f6ffentlichen Bereichs (\u00f6ffentliche Verwaltung und \u00f6ffentliche Unternehmen), des Non-Profit-Bereichs und der Privatwirtschaft. Neben den Fach- und F\u00fchrungskr\u00e4ften dieser Organisationen wenden sich unsere Aus- und Fortbildungen auch an externe und interne Berater:innen, weil Ver\u00e4nderungsprozesse h\u00e4ufig im Zusammenspiel zwischen diesen Gruppen gestaltet werden. Das Herzst\u00fcck der Como Academy bildet unsere einj\u00e4hrige Ausbildung zum\/zur Organisationsberater:in, die wir seit 2007 j\u00e4hrlich durchf\u00fchren. Sie greift die zentralen Herausforderungen der Organisationsberatung auf und fokussiert auf die Entwicklung einer individuellen beraterischen Haltung. \r\n\r\nIn anderen k\u00fcrzeren Trainingsformaten vermitteln wir Kompetenzen aus den Bereichen Management, F\u00fchrung und Agile Zusammenarbeit. Und um dar\u00fcber hinaus den spezifischen Bedarfen und Herausforderungen unserer Kund:innenorganisationen gerecht zu werden, konzipieren wir auch ma\u00dfgeschneiderte In-House-Formate.","comoAcademy_acc":[{"title":"Ausbildung in Organisationsentwicklung","description":"<p>Nach langj\u00e4hriger Beratungspraxis im In- und Ausland geben wir unsere Erfahrungen gerne an interessierte Berater:innen und Praktiker:innen weiter. Seit 2007 bieten wir eine berufsbegleitende Ausbildung an, die die zentralen Herausforderungen der Organisations- und Prozessberatung aufgreift. Aufgrund der gro\u00dfen Nachfrage aus unserem internationalen Kundenkreis haben wir zudem vor einigen Jahren damit begonnen, auch in anderen L\u00e4ndern und Regionen \u00e4hnliche Ausbildungen anzubieten. Dabei sind wir der \u00dcberzeugung: Wer Ver\u00e4nderungsprozesse gestalten will, muss bereit sein, sich selbst verst\u00f6ren zu lassen und das Risiko eigener Ver\u00e4nderungen einzugehen. Daf\u00fcr m\u00f6chten diese Ausbildungen einen gesch\u00fctzten Raum anbieten, in dem experimentiert und kreativ gelernt werden kann.<\/p>\n<p>&nbsp;<\/p>\n<p>&nbsp;<\/p>\n<p><a href=\"https:\/\/como-consult-2022.ssl-vorschaulink.de\/services\/como-akademie\/ausbildunginorganisationsentwicklung\/\"><button class=\"grid-container__list-toggler__button button--outlined\">Mehr laden<\/button><\/a><\/p>\n"},{"title":"Training Teamentwicklung und agiles Arbeiten begleiten","description":"<p>In dieser zweieinhalbt\u00e4gigen Fortbildung lernen die Teilnehmenden, wie sie Teams und F\u00fchrungskr\u00e4fte in unterschiedlichen Beratungssituationen begleiten und unterst\u00fctzen k\u00f6nnen. Mit einem systemischen Blick auf Teams werden prototypische Anl\u00e4sse f\u00fcr Teamentwicklung erkundet und passende Beratungsans\u00e4tze und Interventionen vermittelt. Zu den Inhalten geh\u00f6ren:<\/p>\n<p>\u2022 Grundbegriffe der Teamentwicklung<br \/>\n\u2022 Das Team als System und Relevanz der Systemprinzipien (SySt\u00ae) in Teams<br \/>\n\u2022 Prototypische Anl\u00e4sse f\u00fcr Beratung in der Teamentwicklung<br \/>\n\u2022 Anliegenkl\u00e4rung und Kontraktgestaltung in der Beratungsarbeit mit Teams<br \/>\n\u2022 Teamdiagnose<br \/>\n\u2022 Agile Teamarbeit<br \/>\n\u2022 Rollen in Teams und Rollenverhandlung<br \/>\n\u2022 Umgang mit Spannungen<br \/>\n\u2022 Feedback in Teams<\/p>\n<p>&nbsp;<\/p>\n<p>ZIELGRUPPE<\/p>\n<p>Die Fortbildung richtet sich vorwiegend an Berater:innen und Coaches, die ihre Kompetenzen in der Teamentwicklung erweitern wollen. Da das Training mit F\u00e4llen der Teilnehmenden arbeitet, sind erste Beratungs- oder F\u00fchrungserfahrungen f\u00fcr die Teilnahme von Vorteil.<\/p>\n<p>&nbsp;<\/p>\n<p>TERMIN AUF ANFRAGE<\/p>\n<p>Wenn Sie Interesse an dieser Fortbildung haben schreiben Sie bitte eine Email an<\/p>\n<p>info@como-consult.de.<\/p>\n"},{"title":"Training Konfliktmanagement","description":"<p>Anfang Oktober bieten wir erstmals ein Training zum Thema Konfliktmanagement an: <em><strong>\u201eKonflikte in Teams fru\u0308hzeitig erkennen und l\u00f6sungsorientiert adressieren\u201c<\/strong><\/em>,<\/p>\n<p>am <strong>05. &amp; 06. Oktober 2023<\/strong> bei Como Consult in Berlin!<\/p>\n<p>&nbsp;<\/p>\n<p>Diese 1,5-t\u00e4gige Fortbildung richtet sich an alle, die einen l\u00f6sungsorientierten Umgang mit Konflikten in Teams und Organisationen erlernen m\u00f6chten. Neben der Vermittlung grundlegender Konzepte wollen wir eigene Erfahrungen reflektieren und Ans\u00e4tze fu\u0308r den Umgang mit Konflikten im eigenen beruflichen Umfeld vermitteln.<\/p>\n<p>Bei Interesse wenden Sie sich gerne an <span style=\"color: #ff0000;\"><a style=\"color: #ff0000;\" href=\"mailto:lea.maillard@como-consult.de\">lea.maillard@como-consult.de<\/a><\/span> (f\u00fcr weitere Infos &amp; Anmeldung) oder direkt an einen unserer Trainer <span style=\"color: #ff0000;\"><a style=\"color: #ff0000;\" href=\"mailto:jan.johannsmeier@como-consult.de\">jan.johannsmeier@como-consult.de<\/a><span style=\"color: #000000;\">.<\/span><\/span><\/p>\n"}]},"yoast_head":"<!-- This site is optimized with the Yoast SEO plugin v19.3 - https:\/\/yoast.com\/wordpress\/plugins\/seo\/ -->\n<title>Como Academy - Como Consult<\/title>\n<meta name=\"robots\" content=\"index, follow, max-snippet:-1, max-image-preview:large, max-video-preview:-1\" \/>\n<link rel=\"canonical\" href=\"https:\/\/management.como-consult.de\/es\/services\/como-akademie\/\" \/>\n<meta property=\"og:locale\" content=\"es_ES\" \/>\n<meta property=\"og:type\" content=\"article\" \/>\n<meta property=\"og:title\" content=\"Como Academy - Como Consult\" \/>\n<meta property=\"og:url\" content=\"https:\/\/management.como-consult.de\/es\/services\/como-akademie\/\" \/>\n<meta property=\"og:site_name\" content=\"Como Consult\" \/>\n<meta property=\"article:modified_time\" content=\"2023-06-28T13:59:06+00:00\" \/>\n<meta property=\"og:image\" content=\"https:\/\/management.como-consult.de\/wp-content\/uploads\/2022\/05\/como-academy.jpg\" \/>\n\t<meta property=\"og:image:width\" content=\"524\" \/>\n\t<meta property=\"og:image:height\" content=\"295\" \/>\n\t<meta property=\"og:image:type\" content=\"image\/jpeg\" \/>\n<meta name=\"twitter:card\" content=\"summary_large_image\" \/>\n<script type=\"application\/ld+json\" class=\"yoast-schema-graph\">{\"@context\":\"https:\/\/schema.org\",\"@graph\":[{\"@type\":\"WebSite\",\"@id\":\"https:\/\/management.como-consult.de\/en\/#website\",\"url\":\"https:\/\/management.como-consult.de\/en\/\",\"name\":\"Como Consult\",\"description\":\"\",\"potentialAction\":[{\"@type\":\"SearchAction\",\"target\":{\"@type\":\"EntryPoint\",\"urlTemplate\":\"https:\/\/management.como-consult.de\/en\/?s={search_term_string}\"},\"query-input\":\"required name=search_term_string\"}],\"inLanguage\":\"es\"},{\"@type\":\"ImageObject\",\"inLanguage\":\"es\",\"@id\":\"https:\/\/management.como-consult.de\/es\/services\/como-akademie\/#primaryimage\",\"url\":\"https:\/\/management.como-consult.de\/wp-content\/uploads\/2022\/05\/como-academy.jpg\",\"contentUrl\":\"https:\/\/management.como-consult.de\/wp-content\/uploads\/2022\/05\/como-academy.jpg\",\"width\":524,\"height\":295},{\"@type\":\"WebPage\",\"@id\":\"https:\/\/management.como-consult.de\/es\/services\/como-akademie\/\",\"url\":\"https:\/\/management.como-consult.de\/es\/services\/como-akademie\/\",\"name\":\"Como Academy - Como Consult\",\"isPartOf\":{\"@id\":\"https:\/\/management.como-consult.de\/en\/#website\"},\"primaryImageOfPage\":{\"@id\":\"https:\/\/management.como-consult.de\/es\/services\/como-akademie\/#primaryimage\"},\"datePublished\":\"2022-04-27T09:07:19+00:00\",\"dateModified\":\"2023-06-28T13:59:06+00:00\",\"breadcrumb\":{\"@id\":\"https:\/\/management.como-consult.de\/es\/services\/como-akademie\/#breadcrumb\"},\"inLanguage\":\"es\",\"potentialAction\":[{\"@type\":\"ReadAction\",\"target\":[\"https:\/\/management.como-consult.de\/es\/services\/como-akademie\/\"]}]},{\"@type\":\"BreadcrumbList\",\"@id\":\"https:\/\/management.como-consult.de\/es\/services\/como-akademie\/#breadcrumb\",\"itemListElement\":[{\"@type\":\"ListItem\",\"position\":1,\"name\":\"Home\",\"item\":\"https:\/\/management.como-consult.de\/es\/\"},{\"@type\":\"ListItem\",\"position\":2,\"name\":\"Servicios\",\"item\":\"https:\/\/management.como-consult.de\/es\/services\/\"},{\"@type\":\"ListItem\",\"position\":3,\"name\":\"Como Academy\"}]}]}<\/script>\n<!-- \/ Yoast SEO plugin. -->","yoast_head_json":{"title":"Como Academy - Como Consult","robots":{"index":"index","follow":"follow","max-snippet":"max-snippet:-1","max-image-preview":"max-image-preview:large","max-video-preview":"max-video-preview:-1"},"canonical":"https:\/\/management.como-consult.de\/es\/services\/como-akademie\/","og_locale":"es_ES","og_type":"article","og_title":"Como Academy - Como Consult","og_url":"https:\/\/management.como-consult.de\/es\/services\/como-akademie\/","og_site_name":"Como Consult","article_modified_time":"2023-06-28T13:59:06+00:00","og_image":[{"width":524,"height":295,"url":"https:\/\/management.como-consult.de\/wp-content\/uploads\/2022\/05\/como-academy.jpg","type":"image\/jpeg"}],"twitter_card":"summary_large_image","schema":{"@context":"https:\/\/schema.org","@graph":[{"@type":"WebSite","@id":"https:\/\/management.como-consult.de\/en\/#website","url":"https:\/\/management.como-consult.de\/en\/","name":"Como Consult","description":"","potentialAction":[{"@type":"SearchAction","target":{"@type":"EntryPoint","urlTemplate":"https:\/\/management.como-consult.de\/en\/?s={search_term_string}"},"query-input":"required name=search_term_string"}],"inLanguage":"es"},{"@type":"ImageObject","inLanguage":"es","@id":"https:\/\/management.como-consult.de\/es\/services\/como-akademie\/#primaryimage","url":"https:\/\/management.como-consult.de\/wp-content\/uploads\/2022\/05\/como-academy.jpg","contentUrl":"https:\/\/management.como-consult.de\/wp-content\/uploads\/2022\/05\/como-academy.jpg","width":524,"height":295},{"@type":"WebPage","@id":"https:\/\/management.como-consult.de\/es\/services\/como-akademie\/","url":"https:\/\/management.como-consult.de\/es\/services\/como-akademie\/","name":"Como Academy - Como Consult","isPartOf":{"@id":"https:\/\/management.como-consult.de\/en\/#website"},"primaryImageOfPage":{"@id":"https:\/\/management.como-consult.de\/es\/services\/como-akademie\/#primaryimage"},"datePublished":"2022-04-27T09:07:19+00:00","dateModified":"2023-06-28T13:59:06+00:00","breadcrumb":{"@id":"https:\/\/management.como-consult.de\/es\/services\/como-akademie\/#breadcrumb"},"inLanguage":"es","potentialAction":[{"@type":"ReadAction","target":["https:\/\/management.como-consult.de\/es\/services\/como-akademie\/"]}]},{"@type":"BreadcrumbList","@id":"https:\/\/management.como-consult.de\/es\/services\/como-akademie\/#breadcrumb","itemListElement":[{"@type":"ListItem","position":1,"name":"Home","item":"https:\/\/management.como-consult.de\/es\/"},{"@type":"ListItem","position":2,"name":"Servicios","item":"https:\/\/management.como-consult.de\/es\/services\/"},{"@type":"ListItem","position":3,"name":"Como Academy"}]}]}},"wpml_current_locale":"es_ES","wpml_translations":[{"locale":"en_US","id":79,"slug":"como-academy","post_title":"Como Academy","href":"https:\/\/management.como-consult.de\/en\/services\/como-academy\/"},{"locale":"fr_FR","id":81,"slug":"como-akademie","post_title":"Como Academy","href":"https:\/\/management.como-consult.de\/fr\/services\/como-akademie\/"}],"_links":{"self":[{"href":"https:\/\/management.como-consult.de\/es\/wp-json\/wp\/v2\/pages\/83"}],"collection":[{"href":"https:\/\/management.como-consult.de\/es\/wp-json\/wp\/v2\/pages"}],"about":[{"href":"https:\/\/management.como-consult.de\/es\/wp-json\/wp\/v2\/types\/page"}],"author":[{"embeddable":true,"href":"https:\/\/management.como-consult.de\/es\/wp-json\/wp\/v2\/users\/2"}],"replies":[{"embeddable":true,"href":"https:\/\/management.como-consult.de\/es\/wp-json\/wp\/v2\/comments?post=83"}],"version-history":[{"count":44,"href":"https:\/\/management.como-consult.de\/es\/wp-json\/wp\/v2\/pages\/83\/revisions"}],"predecessor-version":[{"id":4780,"href":"https:\/\/management.como-consult.de\/es\/wp-json\/wp\/v2\/pages\/83\/revisions\/4780"}],"up":[{"embeddable":true,"href":"https:\/\/management.como-consult.de\/es\/wp-json\/wp\/v2\/pages\/50"}],"wp:featuredmedia":[{"embeddable":true,"href":"https:\/\/management.como-consult.de\/es\/wp-json\/wp\/v2\/media\/649"}],"wp:attachment":[{"href":"https:\/\/management.como-consult.de\/es\/wp-json\/wp\/v2\/media?parent=83"}],"curies":[{"name":"wp","href":"https:\/\/api.w.org\/{rel}","templated":true}]}}