{"id":71,"date":"2022-04-27T11:06:41","date_gmt":"2022-04-27T09:06:41","guid":{"rendered":"https:\/\/api.como.k-clients.com\/coaching-and-supervision\/"},"modified":"2023-07-20T08:47:28","modified_gmt":"2023-07-20T06:47:28","slug":"coaching-and-supervision","status":"publish","type":"page","link":"https:\/\/management.como-consult.de\/es\/services\/coaching-and-supervision\/","title":{"rendered":"Coaching und Supervision"},"content":{"rendered":"","protected":false},"excerpt":{"rendered":"","protected":false},"author":2,"featured_media":654,"parent":50,"menu_order":2,"comment_status":"closed","ping_status":"closed","template":"page-coaching.php","meta":[],"acf":{"banner":{"ID":1760,"id":1760,"title":"Como-Coaching _ Supervision","filename":"Como-Coaching-_-Supervision-1.jpg","filesize":261665,"url":"https:\/\/management.como-consult.de\/wp-content\/uploads\/2022\/05\/Como-Coaching-_-Supervision-1.jpg","link":"https:\/\/management.como-consult.de\/es\/services\/coaching-and-supervision\/como-coaching-_-supervision-2-2\/","alt":"","author":"1","description":"","caption":"","name":"como-coaching-_-supervision-2-2","status":"inherit","uploaded_to":71,"date":"2022-05-13 07:28:33","modified":"2022-05-13 07:28:33","menu_order":0,"mime_type":"image\/jpeg","type":"image","subtype":"jpeg","icon":"https:\/\/management.como-consult.de\/wp-includes\/images\/media\/default.png","width":1920,"height":1080,"sizes":{"thumbnail":"https:\/\/management.como-consult.de\/wp-content\/uploads\/2022\/05\/Como-Coaching-_-Supervision-1-150x150.jpg","thumbnail-width":150,"thumbnail-height":150,"medium":"https:\/\/management.como-consult.de\/wp-content\/uploads\/2022\/05\/Como-Coaching-_-Supervision-1-300x169.jpg","medium-width":300,"medium-height":169,"medium_large":"https:\/\/management.como-consult.de\/wp-content\/uploads\/2022\/05\/Como-Coaching-_-Supervision-1-768x432.jpg","medium_large-width":640,"medium_large-height":360,"large":"https:\/\/management.como-consult.de\/wp-content\/uploads\/2022\/05\/Como-Coaching-_-Supervision-1-1024x576.jpg","large-width":640,"large-height":360,"1536x1536":"https:\/\/management.como-consult.de\/wp-content\/uploads\/2022\/05\/Como-Coaching-_-Supervision-1-1536x864.jpg","1536x1536-width":1536,"1536x1536-height":864,"2048x2048":"https:\/\/management.como-consult.de\/wp-content\/uploads\/2022\/05\/Como-Coaching-_-Supervision-1.jpg","2048x2048-width":1920,"2048x2048-height":1080}},"coaching_content":"Professionelle Begleitung von Teams und F\u00fchrungskr\u00e4ften ist eine unserer Kernkompetenzen. Beim Umgang mit Konflikten, Spannungen, Unsicherheit und Ambivalenz, bei Rollenunklarheiten oder im Hinblick auf die Aufgabe und Ziele kann externe Unterst\u00fctzung auf dem Weg hin zu produktiverem, zufriedenerem und ges\u00fcnderem Arbeiten einen wesentlichen Beitrag leisten.\r\n \r\nIn der Begleitung unserer Coachees und Supervisand:innen steht f\u00fcr uns die St\u00e4rkung ihrer eigenen Ressourcen und Probleml\u00f6sungskompetenzen im Mittelpunkt. Unsere Coaches und Supervisor:innen bei Como haben eine solide Basis an langj\u00e4hriger Berufserfahrung, arbeiten mit dem systemischen und Gestaltansatz und greifen bedarfsorientiert auf weitere Methoden zur\u00fcck, wie Strukturaufstellungen nach SySt\u00ae, Elemente aus der agilen Organisationsentwicklung und Erkenntnisse aus der Gruppendynamik und Teamentwicklung.","coaching_acc":[{"title":"Coaching","description":"<p>Wir verstehen Coaching als eine hilfreiche &#8220;Reflexionspartnerschaft&#8221; (W. Looss), die dem Coachee einen gesch\u00fctzten Rahmen bietet, um berufliche Anliegen und Herausforderungen zu bearbeiten. Im Coaching geht es darum, eigene Verhaltensmuster im Umgang mit sich selbst und im Kontakt mit Mitarbeiter:innen und Kollege:innen besser wahrzunehmen und zu \u00fcberpr\u00fcfen. Wir unterst\u00fctzen beim Ausprobieren neuer Wege und Verhaltensweisen.<br \/>\nZiel ist immer, die Handlungs- und Entscheidungsf\u00e4higkeit unserer Klient:innen in einem konkreten beruflichen Kontext zu erh\u00f6hen. Insbesondere im Coaching von F\u00fchrungskr\u00e4ften stehen Themen wie der angemessene Umgang mit Mitarbeiter:innen, mit Spannungsfeldern und Paradoxien innerhalb der eigenen Organisation, aber auch mit Karrierefragen, beruflichen Alternativen und dem bewussten Auseinandersetzen mit eigenen Entwicklungsfeldern und Potenzialen im Vordergrund.<\/p>\n"},{"title":"Supervision","description":"<p>Wir machen die Erfahrung, dass gerade neue Formen der Zusammenarbeit, beispielsweise in hybriden Teams, viele Herausforderungen mit sich bringen, f\u00fcr deren Bearbeitung eine professionelle Begleitung hilfreich ist. Vor Beginn einer Supervision ist uns ein klarer Kontrakt mit unseren Auftraggeber:innen wichtig. Dabei kann es um das Kl\u00e4ren von gegenseitigen Erwartungen gehen, um das Erkennen und Respektieren von Grenzen, um konkrete Arbeit an F\u00e4llen, das Innehalten und Austauschen \u00fcber die Rollen im Team oder um eine kurzfristige Krisenintervention. Tats\u00e4chlich kommen auch Klient:innen mit der Beobachtung zu uns, dass es \u201eirgendwie hakt im System\u201c. In solchen F\u00e4llen erarbeiten wir gemeinsam im Supervisionsprozess heraus, welche Themen Aufmerksamkeit bed\u00fcrfen um zu L\u00f6sungen zu kommen.<\/p>\n"}]},"yoast_head":"<!-- This site is optimized with the Yoast SEO plugin v19.3 - https:\/\/yoast.com\/wordpress\/plugins\/seo\/ -->\n<title>Coaching und Supervision - Como Consult<\/title>\n<meta name=\"robots\" content=\"index, follow, max-snippet:-1, max-image-preview:large, max-video-preview:-1\" \/>\n<link rel=\"canonical\" href=\"https:\/\/management.como-consult.de\/es\/services\/coaching-and-supervision\/\" \/>\n<meta property=\"og:locale\" content=\"es_ES\" \/>\n<meta property=\"og:type\" content=\"article\" \/>\n<meta property=\"og:title\" content=\"Coaching und Supervision - Como Consult\" \/>\n<meta property=\"og:url\" content=\"https:\/\/management.como-consult.de\/es\/services\/coaching-and-supervision\/\" \/>\n<meta property=\"og:site_name\" content=\"Como Consult\" \/>\n<meta property=\"article:modified_time\" content=\"2023-07-20T06:47:28+00:00\" \/>\n<meta property=\"og:image\" content=\"https:\/\/management.como-consult.de\/wp-content\/uploads\/2022\/05\/coaching-supervision.jpg\" \/>\n\t<meta property=\"og:image:width\" content=\"524\" \/>\n\t<meta property=\"og:image:height\" content=\"296\" \/>\n\t<meta property=\"og:image:type\" content=\"image\/jpeg\" \/>\n<meta name=\"twitter:card\" content=\"summary_large_image\" \/>\n<script type=\"application\/ld+json\" class=\"yoast-schema-graph\">{\"@context\":\"https:\/\/schema.org\",\"@graph\":[{\"@type\":\"WebSite\",\"@id\":\"https:\/\/management.como-consult.de\/en\/#website\",\"url\":\"https:\/\/management.como-consult.de\/en\/\",\"name\":\"Como Consult\",\"description\":\"\",\"potentialAction\":[{\"@type\":\"SearchAction\",\"target\":{\"@type\":\"EntryPoint\",\"urlTemplate\":\"https:\/\/management.como-consult.de\/en\/?s={search_term_string}\"},\"query-input\":\"required name=search_term_string\"}],\"inLanguage\":\"es\"},{\"@type\":\"ImageObject\",\"inLanguage\":\"es\",\"@id\":\"https:\/\/management.como-consult.de\/es\/services\/coaching-and-supervision\/#primaryimage\",\"url\":\"https:\/\/management.como-consult.de\/wp-content\/uploads\/2022\/05\/coaching-supervision.jpg\",\"contentUrl\":\"https:\/\/management.como-consult.de\/wp-content\/uploads\/2022\/05\/coaching-supervision.jpg\",\"width\":524,\"height\":296},{\"@type\":\"WebPage\",\"@id\":\"https:\/\/management.como-consult.de\/es\/services\/coaching-and-supervision\/\",\"url\":\"https:\/\/management.como-consult.de\/es\/services\/coaching-and-supervision\/\",\"name\":\"Coaching und Supervision - Como Consult\",\"isPartOf\":{\"@id\":\"https:\/\/management.como-consult.de\/en\/#website\"},\"primaryImageOfPage\":{\"@id\":\"https:\/\/management.como-consult.de\/es\/services\/coaching-and-supervision\/#primaryimage\"},\"datePublished\":\"2022-04-27T09:06:41+00:00\",\"dateModified\":\"2023-07-20T06:47:28+00:00\",\"breadcrumb\":{\"@id\":\"https:\/\/management.como-consult.de\/es\/services\/coaching-and-supervision\/#breadcrumb\"},\"inLanguage\":\"es\",\"potentialAction\":[{\"@type\":\"ReadAction\",\"target\":[\"https:\/\/management.como-consult.de\/es\/services\/coaching-and-supervision\/\"]}]},{\"@type\":\"BreadcrumbList\",\"@id\":\"https:\/\/management.como-consult.de\/es\/services\/coaching-and-supervision\/#breadcrumb\",\"itemListElement\":[{\"@type\":\"ListItem\",\"position\":1,\"name\":\"Home\",\"item\":\"https:\/\/management.como-consult.de\/es\/\"},{\"@type\":\"ListItem\",\"position\":2,\"name\":\"Servicios\",\"item\":\"https:\/\/management.como-consult.de\/es\/services\/\"},{\"@type\":\"ListItem\",\"position\":3,\"name\":\"Coaching und Supervision\"}]}]}<\/script>\n<!-- \/ Yoast SEO plugin. -->","yoast_head_json":{"title":"Coaching und Supervision - Como Consult","robots":{"index":"index","follow":"follow","max-snippet":"max-snippet:-1","max-image-preview":"max-image-preview:large","max-video-preview":"max-video-preview:-1"},"canonical":"https:\/\/management.como-consult.de\/es\/services\/coaching-and-supervision\/","og_locale":"es_ES","og_type":"article","og_title":"Coaching und Supervision - Como Consult","og_url":"https:\/\/management.como-consult.de\/es\/services\/coaching-and-supervision\/","og_site_name":"Como Consult","article_modified_time":"2023-07-20T06:47:28+00:00","og_image":[{"width":524,"height":296,"url":"https:\/\/management.como-consult.de\/wp-content\/uploads\/2022\/05\/coaching-supervision.jpg","type":"image\/jpeg"}],"twitter_card":"summary_large_image","schema":{"@context":"https:\/\/schema.org","@graph":[{"@type":"WebSite","@id":"https:\/\/management.como-consult.de\/en\/#website","url":"https:\/\/management.como-consult.de\/en\/","name":"Como Consult","description":"","potentialAction":[{"@type":"SearchAction","target":{"@type":"EntryPoint","urlTemplate":"https:\/\/management.como-consult.de\/en\/?s={search_term_string}"},"query-input":"required name=search_term_string"}],"inLanguage":"es"},{"@type":"ImageObject","inLanguage":"es","@id":"https:\/\/management.como-consult.de\/es\/services\/coaching-and-supervision\/#primaryimage","url":"https:\/\/management.como-consult.de\/wp-content\/uploads\/2022\/05\/coaching-supervision.jpg","contentUrl":"https:\/\/management.como-consult.de\/wp-content\/uploads\/2022\/05\/coaching-supervision.jpg","width":524,"height":296},{"@type":"WebPage","@id":"https:\/\/management.como-consult.de\/es\/services\/coaching-and-supervision\/","url":"https:\/\/management.como-consult.de\/es\/services\/coaching-and-supervision\/","name":"Coaching und Supervision - Como Consult","isPartOf":{"@id":"https:\/\/management.como-consult.de\/en\/#website"},"primaryImageOfPage":{"@id":"https:\/\/management.como-consult.de\/es\/services\/coaching-and-supervision\/#primaryimage"},"datePublished":"2022-04-27T09:06:41+00:00","dateModified":"2023-07-20T06:47:28+00:00","breadcrumb":{"@id":"https:\/\/management.como-consult.de\/es\/services\/coaching-and-supervision\/#breadcrumb"},"inLanguage":"es","potentialAction":[{"@type":"ReadAction","target":["https:\/\/management.como-consult.de\/es\/services\/coaching-and-supervision\/"]}]},{"@type":"BreadcrumbList","@id":"https:\/\/management.como-consult.de\/es\/services\/coaching-and-supervision\/#breadcrumb","itemListElement":[{"@type":"ListItem","position":1,"name":"Home","item":"https:\/\/management.como-consult.de\/es\/"},{"@type":"ListItem","position":2,"name":"Servicios","item":"https:\/\/management.como-consult.de\/es\/services\/"},{"@type":"ListItem","position":3,"name":"Coaching und Supervision"}]}]}},"wpml_current_locale":"es_ES","wpml_translations":[{"locale":"en_US","id":67,"slug":"coaching-and-supervision","post_title":"Coaching and Supervision","href":"https:\/\/management.como-consult.de\/en\/services\/coaching-and-supervision\/"},{"locale":"fr_FR","id":69,"slug":"coaching-and-supervision","post_title":"Coaching und Supervision","href":"https:\/\/management.como-consult.de\/fr\/services\/coaching-and-supervision\/"},{"locale":"de_DE","id":64,"slug":"coaching-and-supervision","post_title":"Coaching und Supervision","href":"https:\/\/management.como-consult.de\/services\/coaching-and-supervision\/"}],"_links":{"self":[{"href":"https:\/\/management.como-consult.de\/es\/wp-json\/wp\/v2\/pages\/71"}],"collection":[{"href":"https:\/\/management.como-consult.de\/es\/wp-json\/wp\/v2\/pages"}],"about":[{"href":"https:\/\/management.como-consult.de\/es\/wp-json\/wp\/v2\/types\/page"}],"author":[{"embeddable":true,"href":"https:\/\/management.como-consult.de\/es\/wp-json\/wp\/v2\/users\/2"}],"replies":[{"embeddable":true,"href":"https:\/\/management.como-consult.de\/es\/wp-json\/wp\/v2\/comments?post=71"}],"version-history":[{"count":27,"href":"https:\/\/management.como-consult.de\/es\/wp-json\/wp\/v2\/pages\/71\/revisions"}],"predecessor-version":[{"id":5022,"href":"https:\/\/management.como-consult.de\/es\/wp-json\/wp\/v2\/pages\/71\/revisions\/5022"}],"up":[{"embeddable":true,"href":"https:\/\/management.como-consult.de\/es\/wp-json\/wp\/v2\/pages\/50"}],"wp:featuredmedia":[{"embeddable":true,"href":"https:\/\/management.como-consult.de\/es\/wp-json\/wp\/v2\/media\/654"}],"wp:attachment":[{"href":"https:\/\/management.como-consult.de\/es\/wp-json\/wp\/v2\/media?parent=71"}],"curies":[{"name":"wp","href":"https:\/\/api.w.org\/{rel}","templated":true}]}}