{"id":194,"date":"2022-04-27T11:16:06","date_gmt":"2022-04-27T09:16:06","guid":{"rendered":"https:\/\/api.como.k-clients.com\/impressum\/"},"modified":"2025-09-16T07:53:16","modified_gmt":"2025-09-16T05:53:16","slug":"impressum","status":"publish","type":"page","link":"https:\/\/management.como-consult.de\/es\/impressum\/","title":{"rendered":"Impressum"},"content":{"rendered":"","protected":false},"excerpt":{"rendered":"","protected":false},"author":2,"featured_media":0,"parent":0,"menu_order":7,"comment_status":"closed","ping_status":"closed","template":"page-impressum.php","meta":[],"acf":{"left_side":"<p>Como Consult GmbH<\/p>\n<p>&nbsp;<\/p>\n<p>Nernstweg 32-34<br \/>\nD-22765 Hamburg<\/p>\n<p>&nbsp;<\/p>\n<p>Tel: +49 40 46 88 48-0<\/p>\n<p>Fax: +49 40 46 88 48-66<\/p>\n<p>E-Mail: <a href=\"mailto:info@como-consult.de\">info@como-consult.de<\/a><\/p>\n<p>&nbsp;<\/p>\n<p>Gesch\u00e4ftsf\u00fchrender Gesellschafter:<br \/>\nThomas Finkel<\/p>\n<p>&nbsp;<\/p>\n<p>Handelsregister Hamburg<br \/>\nHRB 53108<\/p>\n<p>Steuernummern<br \/>\n41\/712\/02685<br \/>\nUst-Id DE 158 10 3500<\/p>\n","right_side":"<p>Inhaltlich Verantwortlicher gem\u00e4\u00df \u00a7 6 MDStV:<\/p>\n<p>Thomas Finkel, Como Consult GmbH<\/p>\n<p>Haftungshinweis: Trotz sorgf\u00e4ltiger inhaltlicher Kontrolle \u00fcbernimmt Como Consult GmbH keine Haftung f\u00fcr die Inhalte externer Links. F\u00fcr den Inhalt der verlinkten Seiten sind ausschlie\u00dflich deren Betreiber verantwortlich.<\/p>\n<p>Webhosting: Technische Realisierung, <a href=\"https:\/\/www.nordicweb.com\">www.nordicweb.com<\/a><\/p>\n<p>Konzept: MOR Design, <a href=\"https:\/\/www.mor-design.de\">www.mor-design.de<\/a><\/p>\n<p>Team-Fotos: Marc Hohner, Hamburg<\/p>\n<p>Sonstige Fotos: Como Consult GmbH<\/p>\n<p>Illustrationen: Max Bartram<\/p>\n<p>Alle Texte: Como Consult GmbH<\/p>\n<p>Rechtliche Hinweise: Wir pr\u00fcfen und aktualisieren die Informationen auf den Webseiten st\u00e4ndig. Trotz aller Sorgfalt k\u00f6nnen sich die Daten inzwischen ver\u00e4ndert haben. Eine Haftung oder Garantie f\u00fcr die Aktualit\u00e4t, Richtigkeit und Vollst\u00e4ndigkeit der zur Verf\u00fcgung gestellten Informationen kann daher nicht \u00fcbernommen werden. Gleiches gilt auch f\u00fcr alle anderen Webseiten, auf die mittels Hyperlink verwiesen wird. Wir sind f\u00fcr den Inhalt der Webseiten, die aufgrund einer solchen Verbindung erreicht werden, nicht verantwortlich. Des Weiteren behalten wir uns das Recht vor, \u00c4nderungen oder Erg\u00e4nzungen der bereitgestellten Informationen vorzunehmen. Inhalt und Struktur der Website ist urheberrechtlich gesch\u00fctzt. Die Vervielf\u00e4ltigung von Informationen oder Daten, insbesondere die Verwendung von Texten, Textteilen oder Bildmaterial, bedarf der vorherigen Zustimmung. Wir w\u00fcnschen Ihnen einen informativen Aufenthalt auf unseren Seiten. \u00dcber Ihre Anregungen, W\u00fcnsche und Kritiken freuen wir uns.<\/p>\n"},"yoast_head":"<!-- This site is optimized with the Yoast SEO plugin v19.3 - https:\/\/yoast.com\/wordpress\/plugins\/seo\/ -->\n<title>Impressum - Como Consult<\/title>\n<meta name=\"robots\" content=\"index, follow, max-snippet:-1, max-image-preview:large, max-video-preview:-1\" \/>\n<link rel=\"canonical\" href=\"https:\/\/management.como-consult.de\/es\/impressum\/\" \/>\n<meta property=\"og:locale\" content=\"es_ES\" \/>\n<meta property=\"og:type\" content=\"article\" \/>\n<meta property=\"og:title\" content=\"Impressum - Como Consult\" \/>\n<meta property=\"og:url\" content=\"https:\/\/management.como-consult.de\/es\/impressum\/\" \/>\n<meta property=\"og:site_name\" content=\"Como Consult\" \/>\n<meta property=\"article:modified_time\" content=\"2025-09-16T05:53:16+00:00\" \/>\n<meta name=\"twitter:card\" content=\"summary_large_image\" \/>\n<script type=\"application\/ld+json\" class=\"yoast-schema-graph\">{\"@context\":\"https:\/\/schema.org\",\"@graph\":[{\"@type\":\"WebSite\",\"@id\":\"https:\/\/management.como-consult.de\/en\/#website\",\"url\":\"https:\/\/management.como-consult.de\/en\/\",\"name\":\"Como Consult\",\"description\":\"\",\"potentialAction\":[{\"@type\":\"SearchAction\",\"target\":{\"@type\":\"EntryPoint\",\"urlTemplate\":\"https:\/\/management.como-consult.de\/en\/?s={search_term_string}\"},\"query-input\":\"required name=search_term_string\"}],\"inLanguage\":\"es\"},{\"@type\":\"WebPage\",\"@id\":\"https:\/\/management.como-consult.de\/es\/impressum\/\",\"url\":\"https:\/\/management.como-consult.de\/es\/impressum\/\",\"name\":\"Impressum - Como Consult\",\"isPartOf\":{\"@id\":\"https:\/\/management.como-consult.de\/en\/#website\"},\"datePublished\":\"2022-04-27T09:16:06+00:00\",\"dateModified\":\"2025-09-16T05:53:16+00:00\",\"breadcrumb\":{\"@id\":\"https:\/\/management.como-consult.de\/es\/impressum\/#breadcrumb\"},\"inLanguage\":\"es\",\"potentialAction\":[{\"@type\":\"ReadAction\",\"target\":[\"https:\/\/management.como-consult.de\/es\/impressum\/\"]}]},{\"@type\":\"BreadcrumbList\",\"@id\":\"https:\/\/management.como-consult.de\/es\/impressum\/#breadcrumb\",\"itemListElement\":[{\"@type\":\"ListItem\",\"position\":1,\"name\":\"Home\",\"item\":\"https:\/\/management.como-consult.de\/es\/\"},{\"@type\":\"ListItem\",\"position\":2,\"name\":\"Impressum\"}]}]}<\/script>\n<!-- \/ Yoast SEO plugin. -->","yoast_head_json":{"title":"Impressum - Como Consult","robots":{"index":"index","follow":"follow","max-snippet":"max-snippet:-1","max-image-preview":"max-image-preview:large","max-video-preview":"max-video-preview:-1"},"canonical":"https:\/\/management.como-consult.de\/es\/impressum\/","og_locale":"es_ES","og_type":"article","og_title":"Impressum - Como Consult","og_url":"https:\/\/management.como-consult.de\/es\/impressum\/","og_site_name":"Como Consult","article_modified_time":"2025-09-16T05:53:16+00:00","twitter_card":"summary_large_image","schema":{"@context":"https:\/\/schema.org","@graph":[{"@type":"WebSite","@id":"https:\/\/management.como-consult.de\/en\/#website","url":"https:\/\/management.como-consult.de\/en\/","name":"Como Consult","description":"","potentialAction":[{"@type":"SearchAction","target":{"@type":"EntryPoint","urlTemplate":"https:\/\/management.como-consult.de\/en\/?s={search_term_string}"},"query-input":"required name=search_term_string"}],"inLanguage":"es"},{"@type":"WebPage","@id":"https:\/\/management.como-consult.de\/es\/impressum\/","url":"https:\/\/management.como-consult.de\/es\/impressum\/","name":"Impressum - Como Consult","isPartOf":{"@id":"https:\/\/management.como-consult.de\/en\/#website"},"datePublished":"2022-04-27T09:16:06+00:00","dateModified":"2025-09-16T05:53:16+00:00","breadcrumb":{"@id":"https:\/\/management.como-consult.de\/es\/impressum\/#breadcrumb"},"inLanguage":"es","potentialAction":[{"@type":"ReadAction","target":["https:\/\/management.como-consult.de\/es\/impressum\/"]}]},{"@type":"BreadcrumbList","@id":"https:\/\/management.como-consult.de\/es\/impressum\/#breadcrumb","itemListElement":[{"@type":"ListItem","position":1,"name":"Home","item":"https:\/\/management.como-consult.de\/es\/"},{"@type":"ListItem","position":2,"name":"Impressum"}]}]}},"wpml_current_locale":"es_ES","wpml_translations":[{"locale":"en_US","id":190,"slug":"impressum","post_title":"Impressum","href":"https:\/\/management.como-consult.de\/en\/impressum\/"},{"locale":"fr_FR","id":192,"slug":"impressum","post_title":"Impressum","href":"https:\/\/management.como-consult.de\/fr\/impressum\/"},{"locale":"de_DE","id":187,"slug":"impressum","post_title":"Impressum","href":"https:\/\/management.como-consult.de\/impressum\/"}],"_links":{"self":[{"href":"https:\/\/management.como-consult.de\/es\/wp-json\/wp\/v2\/pages\/194"}],"collection":[{"href":"https:\/\/management.como-consult.de\/es\/wp-json\/wp\/v2\/pages"}],"about":[{"href":"https:\/\/management.como-consult.de\/es\/wp-json\/wp\/v2\/types\/page"}],"author":[{"embeddable":true,"href":"https:\/\/management.como-consult.de\/es\/wp-json\/wp\/v2\/users\/2"}],"replies":[{"embeddable":true,"href":"https:\/\/management.como-consult.de\/es\/wp-json\/wp\/v2\/comments?post=194"}],"version-history":[{"count":7,"href":"https:\/\/management.como-consult.de\/es\/wp-json\/wp\/v2\/pages\/194\/revisions"}],"predecessor-version":[{"id":5913,"href":"https:\/\/management.como-consult.de\/es\/wp-json\/wp\/v2\/pages\/194\/revisions\/5913"}],"wp:attachment":[{"href":"https:\/\/management.como-consult.de\/es\/wp-json\/wp\/v2\/media?parent=194"}],"curies":[{"name":"wp","href":"https:\/\/api.w.org\/{rel}","templated":true}]}}